{"id":3385,"date":"2022-03-27T20:19:40","date_gmt":"2022-03-27T20:19:40","guid":{"rendered":"https:\/\/tavapy.gov.py\/biblioteca\/?post_type=product&#038;p=3385"},"modified":"2022-04-01T20:09:24","modified_gmt":"2022-04-01T20:09:24","slug":"la-caverna","status":"publish","type":"product","link":"https:\/\/tavapy.gov.py\/biblioteca\/product\/la-caverna\/","title":{"rendered":"LA CAVERNA."},"content":{"rendered":"","protected":false},"excerpt":{"rendered":"<p>Un libro que es tambi\u00e9n una advertencia sobre nuestras m\u00faltiples extinciones cotidianas, obra escrita en el a\u00f1o 2.000 por Jos\u00e9 Saramago.<\/p>\n<p>Una peque\u00f1a alfarer\u00eda, regentada por una familia consciente de que ha dejado de ser necesaria para la sociedad, frente a un centro comercial gigantesco. Un mundo en r\u00e1pido proceso de extinci\u00f3n, otro que crece y se multiplica como un juego de espejos donde no parece haber l\u00edmites para la ilusi\u00f3n enga\u00f1osa.<\/p>\n<p>Todos los d\u00edas se extinguen especies animales y vegetales, todos los d\u00edas hay profesiones que se tornan in\u00fatiles, idiomas que dejan de tener personas que los hablen, tradiciones que pierden sentido, sentimientos que se convierten en sus contrarios.<\/p>\n<p>Una familia de alfareros comprende que ha dejado de serle necesaria al mundo. Como una serpiente que muda de piel para poder crecer en otra que m\u00e1s adelante tambi\u00e9n se volver\u00e1 peque\u00f1a, el centro comercial dice a la alfarer\u00eda: \u00abMuere, ya no necesito de ti\u00bb. La caverna, una novela para cruzar el milenio.<\/p>\n<p><a href=\"https:\/\/tavapy.gov.py\/biblioteca\/wp-content\/uploads\/2022\/03\/Saramago-J-La-caverna.pdf\" target=\"_blank\" rel=\"attachment noopener wp-att-3564\"><img loading=\"lazy\" decoding=\"async\" class=\"size-full wp-image-3564 alignleft\" src=\"https:\/\/tavapy.gov.py\/biblioteca\/wp-content\/uploads\/2022\/03\/icono-PDF-copia-5.png\" alt=\"\" width=\"121\" height=\"140\" \/><\/a><\/p>\n","protected":false},"featured_media":3377,"comment_status":"open","ping_status":"closed","template":"","meta":{"spay_email":""},"product_cat":[57],"product_tag":[],"class_list":{"0":"post-3385","1":"product","2":"type-product","3":"status-publish","4":"has-post-thumbnail","6":"book_author-jose-saramago","7":"product_cat-novela","8":"entry"},"_links":{"self":[{"href":"https:\/\/tavapy.gov.py\/biblioteca\/wp-json\/wp\/v2\/product\/3385","targetHints":{"allow":["GET"]}}],"collection":[{"href":"https:\/\/tavapy.gov.py\/biblioteca\/wp-json\/wp\/v2\/product"}],"about":[{"href":"https:\/\/tavapy.gov.py\/biblioteca\/wp-json\/wp\/v2\/types\/product"}],"replies":[{"embeddable":true,"href":"https:\/\/tavapy.gov.py\/biblioteca\/wp-json\/wp\/v2\/comments?post=3385"}],"wp:featuredmedia":[{"embeddable":true,"href":"https:\/\/tavapy.gov.py\/biblioteca\/wp-json\/wp\/v2\/media\/3377"}],"wp:attachment":[{"href":"https:\/\/tavapy.gov.py\/biblioteca\/wp-json\/wp\/v2\/media?parent=3385"}],"wp:term":[{"taxonomy":"product_cat","embeddable":true,"href":"https:\/\/tavapy.gov.py\/biblioteca\/wp-json\/wp\/v2\/product_cat?post=3385"},{"taxonomy":"product_tag","embeddable":true,"href":"https:\/\/tavapy.gov.py\/biblioteca\/wp-json\/wp\/v2\/product_tag?post=3385"}],"curies":[{"name":"wp","href":"https:\/\/api.w.org\/{rel}","templated":true}]}}