{"id":3392,"date":"2022-03-27T21:35:09","date_gmt":"2022-03-27T21:35:09","guid":{"rendered":"https:\/\/tavapy.gov.py\/biblioteca\/?post_type=product&#038;p=3392"},"modified":"2022-04-01T20:06:22","modified_gmt":"2022-04-01T20:06:22","slug":"azul-cantos-de-vida-y-esperanza","status":"publish","type":"product","link":"https:\/\/tavapy.gov.py\/biblioteca\/product\/azul-cantos-de-vida-y-esperanza\/","title":{"rendered":"AZUL\u2026 CANTOS DE VIDA Y ESPERANZA."},"content":{"rendered":"","protected":false},"excerpt":{"rendered":"<p>&nbsp;<\/p>\n<p>Fue Azul&#8230; en 1888 un grito revolucionario con el que Rub\u00e9n Dar\u00edo inaugur\u00f3 el Modernismo. \u00abEs una obra \u2013dijo \u00e9l mismo\u2013 que contiene la flor de la juventud, que exterioriza la interna poes\u00eda de las primeras ilusiones y que est\u00e1 impregnada de amor\u00bb.<\/p>\n<p>En efecto, Azul&#8230; no s\u00f3lo proclama una concepci\u00f3n del arte y de la vida, sino que, adem\u00e1s, la hace palabra. Y \u00e9sta, y su ritmo y armon\u00eda, se convierten en revelaci\u00f3n de un mundo superior regido por la m\u00fasica en un espacio que eleva la existencia.<\/p>\n<p>Cantos de vida y esperanza abre un camino de vuelta hacia los or\u00edgenes: la abstracci\u00f3n religiosa, la naturaleza sagrada, el arte como realidad social, el amor como redenci\u00f3n.<\/p>\n<p><a href=\"https:\/\/tavapy.gov.py\/biblioteca\/wp-content\/uploads\/2022\/03\/DarioR-Azul-1.pdf\" target=\"_blank\" rel=\"attachment noopener wp-att-3564\"><img loading=\"lazy\" decoding=\"async\" class=\"size-full wp-image-3564 alignleft\" src=\"https:\/\/tavapy.gov.py\/biblioteca\/wp-content\/uploads\/2022\/03\/icono-PDF-copia-5.png\" alt=\"\" width=\"121\" height=\"140\" \/><\/a><\/p>\n","protected":false},"featured_media":3387,"comment_status":"open","ping_status":"closed","template":"","meta":{"spay_email":""},"product_cat":[97],"product_tag":[],"class_list":{"0":"post-3392","1":"product","2":"type-product","3":"status-publish","4":"has-post-thumbnail","6":"book_author-ruben-dario","7":"product_cat-poesia","8":"entry"},"_links":{"self":[{"href":"https:\/\/tavapy.gov.py\/biblioteca\/wp-json\/wp\/v2\/product\/3392","targetHints":{"allow":["GET"]}}],"collection":[{"href":"https:\/\/tavapy.gov.py\/biblioteca\/wp-json\/wp\/v2\/product"}],"about":[{"href":"https:\/\/tavapy.gov.py\/biblioteca\/wp-json\/wp\/v2\/types\/product"}],"replies":[{"embeddable":true,"href":"https:\/\/tavapy.gov.py\/biblioteca\/wp-json\/wp\/v2\/comments?post=3392"}],"wp:featuredmedia":[{"embeddable":true,"href":"https:\/\/tavapy.gov.py\/biblioteca\/wp-json\/wp\/v2\/media\/3387"}],"wp:attachment":[{"href":"https:\/\/tavapy.gov.py\/biblioteca\/wp-json\/wp\/v2\/media?parent=3392"}],"wp:term":[{"taxonomy":"product_cat","embeddable":true,"href":"https:\/\/tavapy.gov.py\/biblioteca\/wp-json\/wp\/v2\/product_cat?post=3392"},{"taxonomy":"product_tag","embeddable":true,"href":"https:\/\/tavapy.gov.py\/biblioteca\/wp-json\/wp\/v2\/product_tag?post=3392"}],"curies":[{"name":"wp","href":"https:\/\/api.w.org\/{rel}","templated":true}]}}