{"id":3393,"date":"2022-03-27T21:38:58","date_gmt":"2022-03-27T21:38:58","guid":{"rendered":"https:\/\/tavapy.gov.py\/biblioteca\/?post_type=product&#038;p=3393"},"modified":"2022-04-01T20:02:20","modified_gmt":"2022-04-01T20:02:20","slug":"arquetipos-e-inconsciente-colectivo","status":"publish","type":"product","link":"https:\/\/tavapy.gov.py\/biblioteca\/product\/arquetipos-e-inconsciente-colectivo\/","title":{"rendered":"ARQUETIPOS E INCONSCIENTE COLECTIVO."},"content":{"rendered":"","protected":false},"excerpt":{"rendered":"<p>Esta obra escrita en 1.959, nos presenta uno de los temas principales y m\u00e1s controvertidos de Carl G. Jung: el problema de lo inconsciente colectivo y los principios y patrones de su actividad.<\/p>\n<p>El volumen contiene asimismo un ensayo en el que Jung nos ofrece unas consideraciones te\u00f3ricas sobre la naturaleza de lo ps\u00edquico, as\u00ed como un intento de sintetizar las m\u00faltiples facetas de su pensamiento.<\/p>\n<p>En el conjunto de su obra, este ensayo ocupa un lugar comparable al de Esquema del psicoan\u00e1lisis en la obra de Freud.<\/p>\n<p><a href=\"https:\/\/tavapy.gov.py\/biblioteca\/wp-content\/uploads\/2022\/03\/JungC-Arquetipos-e-inconsciente-colectivo.pdf\" target=\"_blank\" rel=\"attachment noopener wp-att-3564\"><img loading=\"lazy\" decoding=\"async\" class=\"size-full wp-image-3564 alignleft\" src=\"https:\/\/tavapy.gov.py\/biblioteca\/wp-content\/uploads\/2022\/03\/icono-PDF-copia-5.png\" alt=\"\" width=\"121\" height=\"140\" \/><\/a><\/p>\n","protected":false},"featured_media":3399,"comment_status":"open","ping_status":"closed","template":"","meta":{"spay_email":""},"product_cat":[67],"product_tag":[],"class_list":{"0":"post-3393","1":"product","2":"type-product","3":"status-publish","4":"has-post-thumbnail","6":"book_author-carl-jung","7":"product_cat-psicologia","8":"entry"},"_links":{"self":[{"href":"https:\/\/tavapy.gov.py\/biblioteca\/wp-json\/wp\/v2\/product\/3393","targetHints":{"allow":["GET"]}}],"collection":[{"href":"https:\/\/tavapy.gov.py\/biblioteca\/wp-json\/wp\/v2\/product"}],"about":[{"href":"https:\/\/tavapy.gov.py\/biblioteca\/wp-json\/wp\/v2\/types\/product"}],"replies":[{"embeddable":true,"href":"https:\/\/tavapy.gov.py\/biblioteca\/wp-json\/wp\/v2\/comments?post=3393"}],"wp:featuredmedia":[{"embeddable":true,"href":"https:\/\/tavapy.gov.py\/biblioteca\/wp-json\/wp\/v2\/media\/3399"}],"wp:attachment":[{"href":"https:\/\/tavapy.gov.py\/biblioteca\/wp-json\/wp\/v2\/media?parent=3393"}],"wp:term":[{"taxonomy":"product_cat","embeddable":true,"href":"https:\/\/tavapy.gov.py\/biblioteca\/wp-json\/wp\/v2\/product_cat?post=3393"},{"taxonomy":"product_tag","embeddable":true,"href":"https:\/\/tavapy.gov.py\/biblioteca\/wp-json\/wp\/v2\/product_tag?post=3393"}],"curies":[{"name":"wp","href":"https:\/\/api.w.org\/{rel}","templated":true}]}}