{"id":3395,"date":"2022-03-27T21:43:53","date_gmt":"2022-03-27T21:43:53","guid":{"rendered":"https:\/\/tavapy.gov.py\/biblioteca\/?post_type=product&#038;p=3395"},"modified":"2022-04-01T19:59:20","modified_gmt":"2022-04-01T19:59:20","slug":"aprendizaje-social-y-desarrollo-de-la-personalidad","status":"publish","type":"product","link":"https:\/\/tavapy.gov.py\/biblioteca\/product\/aprendizaje-social-y-desarrollo-de-la-personalidad\/","title":{"rendered":"APRENDIZAJE SOCIAL Y DESARROLLO DE LA PERSONALIDAD."},"content":{"rendered":"","protected":false},"excerpt":{"rendered":"<p>En su obra \u201cAprendizaje social y desarrollo de la personalidad\u201d, libro escrito en 1.963, Bandura parte del principio de que se puede aprender a trav\u00e9s de la observaci\u00f3n, es decir, otra persona realiza la acci\u00f3n y experimenta sus consecuencias.<\/p>\n<p>El observador aprende por medio de la experiencia ajena. En este sentido, por eso se le llama a este tipo de aprendizaje \u00abModelado\u00bb, ya que la conducta del modelo observado y otras situaciones estimulares se transforman en im\u00e1genes y c\u00f3digos verbales que se retienen en la memoria.<\/p>\n<p>Una de las caracter\u00edsticas del aprendizaje social es que se puede producir inmediatamente, sin la necesidad de un proceso gradual de adquisici\u00f3n.<\/p>\n<p>Mediante la observaci\u00f3n aprendemos no s\u00f3lo la forma de realizar una determinada acci\u00f3n, sino tambi\u00e9n a predecir lo que suceder\u00eda en una situaci\u00f3n espec\u00edfica al poner de manifiesto los mecanismos para llevar a cabo esa conducta.<\/p>\n<p>De aqu\u00ed surge la idea de la importancia que representan los procesos cognitivos para explicar el aprendizaje.<\/p>\n<p><a href=\"https:\/\/tavapy.gov.py\/biblioteca\/wp-content\/uploads\/2022\/03\/Bandura-Richards-Aprendizaje_social...pdf\" target=\"_blank\" rel=\"attachment noopener wp-att-3564\"><img loading=\"lazy\" decoding=\"async\" class=\"size-full wp-image-3564 alignleft\" src=\"https:\/\/tavapy.gov.py\/biblioteca\/wp-content\/uploads\/2022\/03\/icono-PDF-copia-5.png\" alt=\"\" width=\"121\" height=\"140\" \/><\/a><\/p>\n","protected":false},"featured_media":3397,"comment_status":"open","ping_status":"closed","template":"","meta":{"spay_email":""},"product_cat":[93],"product_tag":[],"class_list":{"0":"post-3395","1":"product","2":"type-product","3":"status-publish","4":"has-post-thumbnail","6":"book_author-albert-bandura","7":"product_cat-psicologia-social","8":"entry"},"_links":{"self":[{"href":"https:\/\/tavapy.gov.py\/biblioteca\/wp-json\/wp\/v2\/product\/3395","targetHints":{"allow":["GET"]}}],"collection":[{"href":"https:\/\/tavapy.gov.py\/biblioteca\/wp-json\/wp\/v2\/product"}],"about":[{"href":"https:\/\/tavapy.gov.py\/biblioteca\/wp-json\/wp\/v2\/types\/product"}],"replies":[{"embeddable":true,"href":"https:\/\/tavapy.gov.py\/biblioteca\/wp-json\/wp\/v2\/comments?post=3395"}],"wp:featuredmedia":[{"embeddable":true,"href":"https:\/\/tavapy.gov.py\/biblioteca\/wp-json\/wp\/v2\/media\/3397"}],"wp:attachment":[{"href":"https:\/\/tavapy.gov.py\/biblioteca\/wp-json\/wp\/v2\/media?parent=3395"}],"wp:term":[{"taxonomy":"product_cat","embeddable":true,"href":"https:\/\/tavapy.gov.py\/biblioteca\/wp-json\/wp\/v2\/product_cat?post=3395"},{"taxonomy":"product_tag","embeddable":true,"href":"https:\/\/tavapy.gov.py\/biblioteca\/wp-json\/wp\/v2\/product_tag?post=3395"}],"curies":[{"name":"wp","href":"https:\/\/api.w.org\/{rel}","templated":true}]}}