{"id":3413,"date":"2022-03-27T23:36:05","date_gmt":"2022-03-27T23:36:05","guid":{"rendered":"https:\/\/tavapy.gov.py\/biblioteca\/?post_type=product&#038;p=3413"},"modified":"2022-04-01T19:56:23","modified_gmt":"2022-04-01T19:56:23","slug":"psicologia-de-la-personalidad","status":"publish","type":"product","link":"https:\/\/tavapy.gov.py\/biblioteca\/product\/psicologia-de-la-personalidad\/","title":{"rendered":"PSICOLOG\u00cdA DE LA PERSONALIDAD."},"content":{"rendered":"","protected":false},"excerpt":{"rendered":"<p>Psicolog\u00eda de la personalidad, obra escrita en 1.937, Allport expone su teor\u00eda sobre la personalidad. \u00a0Estudia la personalidad como una construcci\u00f3n din\u00e1mica, psicof\u00edsica, con autonom\u00eda funcional, determinante y con perfiles de exclusividad individual.<\/p>\n<p>Sus estudios morfog\u00e9nicos le permiten acercarse a la dimensi\u00f3n de un individuo concreto, al &#8216;proprium&#8217;, conocer sus rasgos. describirlos y clasificarlos, de modo que pueden ser contrastados con los de otras disecciones personales.<\/p>\n<p>El car\u00e1cter individualizado de la personalidad remite a las teor\u00edas de la recepci\u00f3n definidas por la singularidad de la percepci\u00f3n y la disposici\u00f3n receptiva. Pero tambi\u00e9n, en virtud del car\u00e1cter din\u00e1mico de la personalidad, sujeta a los cambios que se producen en su entorno, Allport advierte que la propia personalidad puede verse modificada por la acci\u00f3n de los medios.<\/p>\n<p><a href=\"https:\/\/tavapy.gov.py\/biblioteca\/wp-content\/uploads\/2022\/03\/AllportG-Psicologia-de-la-personalidad.pdf\" target=\"_blank\" rel=\"attachment noopener wp-att-3564\"><img loading=\"lazy\" decoding=\"async\" class=\"size-full wp-image-3564 alignleft\" src=\"https:\/\/tavapy.gov.py\/biblioteca\/wp-content\/uploads\/2022\/03\/icono-PDF-copia-5.png\" alt=\"\" width=\"121\" height=\"140\" \/><\/a><\/p>\n","protected":false},"featured_media":3412,"comment_status":"open","ping_status":"closed","template":"","meta":{"spay_email":""},"product_cat":[67],"product_tag":[],"class_list":{"0":"post-3413","1":"product","2":"type-product","3":"status-publish","4":"has-post-thumbnail","6":"book_author-gordon-allport","7":"product_cat-psicologia","8":"entry"},"_links":{"self":[{"href":"https:\/\/tavapy.gov.py\/biblioteca\/wp-json\/wp\/v2\/product\/3413","targetHints":{"allow":["GET"]}}],"collection":[{"href":"https:\/\/tavapy.gov.py\/biblioteca\/wp-json\/wp\/v2\/product"}],"about":[{"href":"https:\/\/tavapy.gov.py\/biblioteca\/wp-json\/wp\/v2\/types\/product"}],"replies":[{"embeddable":true,"href":"https:\/\/tavapy.gov.py\/biblioteca\/wp-json\/wp\/v2\/comments?post=3413"}],"wp:featuredmedia":[{"embeddable":true,"href":"https:\/\/tavapy.gov.py\/biblioteca\/wp-json\/wp\/v2\/media\/3412"}],"wp:attachment":[{"href":"https:\/\/tavapy.gov.py\/biblioteca\/wp-json\/wp\/v2\/media?parent=3413"}],"wp:term":[{"taxonomy":"product_cat","embeddable":true,"href":"https:\/\/tavapy.gov.py\/biblioteca\/wp-json\/wp\/v2\/product_cat?post=3413"},{"taxonomy":"product_tag","embeddable":true,"href":"https:\/\/tavapy.gov.py\/biblioteca\/wp-json\/wp\/v2\/product_tag?post=3413"}],"curies":[{"name":"wp","href":"https:\/\/api.w.org\/{rel}","templated":true}]}}