{"id":3416,"date":"2022-03-28T03:27:44","date_gmt":"2022-03-28T03:27:44","guid":{"rendered":"https:\/\/tavapy.gov.py\/biblioteca\/?post_type=product&#038;p=3416"},"modified":"2022-04-01T19:52:25","modified_gmt":"2022-04-01T19:52:25","slug":"crimen-y-castigo","status":"publish","type":"product","link":"https:\/\/tavapy.gov.py\/biblioteca\/product\/crimen-y-castigo\/","title":{"rendered":"CRIMEN Y CASTIGO"},"content":{"rendered":"","protected":false},"excerpt":{"rendered":"<p>Crimen y castigo, escrita en el a\u00f1o 1.866, es una obra del c\u00e9lebre escritor ruso Fi\u00f3dor Dostoievski. Este escritor es conocido porque logra explorar la mente, la conciencia del hombre.<\/p>\n<p>A Dostoievski se le conoce como el m\u00e1ximo representante de la novela psicol\u00f3gica. Sus personajes son marginales y terriblemente atormentados.<\/p>\n<p>Crimen y castigo es una novela que trata la historia de un joven exestudiante de la carrera de Derecho de la universidad de San Petersburgo (Rusia) que se ve obligado a abandonar sus estudios por problemas econ\u00f3micos.<\/p>\n<p>En la penuria, decide probarse a s\u00ed mismo si es un hombre extraordinario o no seg\u00fan su teor\u00eda. Para lo cual, mata a una vieja avara llamada Aliovna. Sin embargo, Rodi\u00f3n experimenta delirios y conflictos morales. El protagonista confiesa su crimen y es condenado a Siberia. All\u00ed reflexiona y descubre el valor de la vida y del amor gracias a Sonia, una mujer muy sensible y piadosa.<\/p>\n<p><a href=\"https:\/\/tavapy.gov.py\/biblioteca\/wp-content\/uploads\/2022\/03\/DostoyesvkiCrimen-y-castigo.pdf\" target=\"_blank\" rel=\"attachment noopener wp-att-3564\"><img loading=\"lazy\" decoding=\"async\" class=\"size-full wp-image-3564 alignleft\" src=\"https:\/\/tavapy.gov.py\/biblioteca\/wp-content\/uploads\/2022\/03\/icono-PDF-copia-5.png\" alt=\"\" width=\"121\" height=\"140\" \/><\/a><\/p>\n","protected":false},"featured_media":3429,"comment_status":"open","ping_status":"closed","template":"","meta":{"spay_email":""},"product_cat":[57],"product_tag":[],"class_list":{"0":"post-3416","1":"product","2":"type-product","3":"status-publish","4":"has-post-thumbnail","6":"book_author-fiodor-dostoyevski","7":"product_cat-novela","8":"entry"},"_links":{"self":[{"href":"https:\/\/tavapy.gov.py\/biblioteca\/wp-json\/wp\/v2\/product\/3416","targetHints":{"allow":["GET"]}}],"collection":[{"href":"https:\/\/tavapy.gov.py\/biblioteca\/wp-json\/wp\/v2\/product"}],"about":[{"href":"https:\/\/tavapy.gov.py\/biblioteca\/wp-json\/wp\/v2\/types\/product"}],"replies":[{"embeddable":true,"href":"https:\/\/tavapy.gov.py\/biblioteca\/wp-json\/wp\/v2\/comments?post=3416"}],"wp:featuredmedia":[{"embeddable":true,"href":"https:\/\/tavapy.gov.py\/biblioteca\/wp-json\/wp\/v2\/media\/3429"}],"wp:attachment":[{"href":"https:\/\/tavapy.gov.py\/biblioteca\/wp-json\/wp\/v2\/media?parent=3416"}],"wp:term":[{"taxonomy":"product_cat","embeddable":true,"href":"https:\/\/tavapy.gov.py\/biblioteca\/wp-json\/wp\/v2\/product_cat?post=3416"},{"taxonomy":"product_tag","embeddable":true,"href":"https:\/\/tavapy.gov.py\/biblioteca\/wp-json\/wp\/v2\/product_tag?post=3416"}],"curies":[{"name":"wp","href":"https:\/\/api.w.org\/{rel}","templated":true}]}}