{"id":3431,"date":"2022-03-28T03:30:29","date_gmt":"2022-03-28T03:30:29","guid":{"rendered":"https:\/\/tavapy.gov.py\/biblioteca\/?post_type=product&#038;p=3431"},"modified":"2022-04-01T19:49:35","modified_gmt":"2022-04-01T19:49:35","slug":"la-metamorfosis","status":"publish","type":"product","link":"https:\/\/tavapy.gov.py\/biblioteca\/product\/la-metamorfosis\/","title":{"rendered":"LA METAMORFOSIS."},"content":{"rendered":"","protected":false},"excerpt":{"rendered":"<p>\u00abAl despertar Gregorio Samsa una ma\u00f1ana, tras un sue\u00f1o intranquilo, se encontr\u00f3 en su cama convertido en un monstruoso insecto.\u00bb Tal es el abrupto comienzo, que nos sit\u00faa de ra\u00edz bajo unas reglas distintas, de \u00bb La metamorfosis \u00ab, sin duda alguna la obra de Franz Kafka que ha alcanzado mayor celebridad.<\/p>\n<p>Esa es la esencia de La Metamorfosis, el pensamiento de un hombre atrapado frente al rechazo, la incomprensi\u00f3n y la falta de empat\u00eda de todos aquellos que lo rodean, incluyendo a los que amaba y que cre\u00eda que lo amaban.<\/p>\n<p>Tambi\u00e9n aparece la verg\u00fcenza, la sensaci\u00f3n de sentirse impotente y miserable frente a una condici\u00f3n que se antoja irreversible.<\/p>\n<p>Escrito en 1912 y publicado en 1916, este relato es considerado una de las obras maestras del siglo XX por sus innegables rasgos precursores y el caudal de ideas e interpretaciones que desde siempre ha suscitado.<\/p>\n<p><a href=\"https:\/\/tavapy.gov.py\/biblioteca\/wp-content\/uploads\/2022\/03\/KafkaF-La-metamorfosis.pdf\" target=\"_blank\" rel=\"attachment noopener wp-att-3564\"><img loading=\"lazy\" decoding=\"async\" class=\"size-full wp-image-3564 alignleft\" src=\"https:\/\/tavapy.gov.py\/biblioteca\/wp-content\/uploads\/2022\/03\/icono-PDF-copia-5.png\" alt=\"\" width=\"121\" height=\"140\" \/><\/a><\/p>\n","protected":false},"featured_media":3427,"comment_status":"open","ping_status":"closed","template":"","meta":{"spay_email":""},"product_cat":[57],"product_tag":[],"class_list":{"0":"post-3431","1":"product","2":"type-product","3":"status-publish","4":"has-post-thumbnail","6":"book_author-franz-kafka","7":"product_cat-novela","8":"entry"},"_links":{"self":[{"href":"https:\/\/tavapy.gov.py\/biblioteca\/wp-json\/wp\/v2\/product\/3431","targetHints":{"allow":["GET"]}}],"collection":[{"href":"https:\/\/tavapy.gov.py\/biblioteca\/wp-json\/wp\/v2\/product"}],"about":[{"href":"https:\/\/tavapy.gov.py\/biblioteca\/wp-json\/wp\/v2\/types\/product"}],"replies":[{"embeddable":true,"href":"https:\/\/tavapy.gov.py\/biblioteca\/wp-json\/wp\/v2\/comments?post=3431"}],"wp:featuredmedia":[{"embeddable":true,"href":"https:\/\/tavapy.gov.py\/biblioteca\/wp-json\/wp\/v2\/media\/3427"}],"wp:attachment":[{"href":"https:\/\/tavapy.gov.py\/biblioteca\/wp-json\/wp\/v2\/media?parent=3431"}],"wp:term":[{"taxonomy":"product_cat","embeddable":true,"href":"https:\/\/tavapy.gov.py\/biblioteca\/wp-json\/wp\/v2\/product_cat?post=3431"},{"taxonomy":"product_tag","embeddable":true,"href":"https:\/\/tavapy.gov.py\/biblioteca\/wp-json\/wp\/v2\/product_tag?post=3431"}],"curies":[{"name":"wp","href":"https:\/\/api.w.org\/{rel}","templated":true}]}}