{"id":3432,"date":"2022-03-28T03:33:37","date_gmt":"2022-03-28T03:33:37","guid":{"rendered":"https:\/\/tavapy.gov.py\/biblioteca\/?post_type=product&#038;p=3432"},"modified":"2022-04-01T19:45:53","modified_gmt":"2022-04-01T19:45:53","slug":"ana-karenina","status":"publish","type":"product","link":"https:\/\/tavapy.gov.py\/biblioteca\/product\/ana-karenina\/","title":{"rendered":"ANA KARENINA."},"content":{"rendered":"","protected":false},"excerpt":{"rendered":"<p>Ana Karenina es una novela escrita por Le\u00f3n Tolst\u00f3i publicada en el a\u00f1o 1877. Es una de las obras cumbres del realismo ruso y una de las grandes novelas de la literatura universal.<\/p>\n<p>Su argumento se centra en la vida de Ana Karenina, una mujer casada con un alto funcionario que se enamora de un joven militar y decide dejarlo todo por \u00e9l, desafiando as\u00ed las f\u00e9rreas convenciones sociales de la \u00e9poca.<\/p>\n<p>Finalmente, termina con su vida v\u00edctima de una sociedad que la condena.<\/p>\n<p><a href=\"https:\/\/tavapy.gov.py\/biblioteca\/wp-content\/uploads\/2022\/03\/TolstoiL-Ana-Karenina.pdf\" target=\"_blank\" rel=\"attachment noopener wp-att-3564\"><img loading=\"lazy\" decoding=\"async\" class=\"size-full wp-image-3564 alignleft\" src=\"https:\/\/tavapy.gov.py\/biblioteca\/wp-content\/uploads\/2022\/03\/icono-PDF-copia-5.png\" alt=\"\" width=\"121\" height=\"140\" \/><\/a><\/p>\n","protected":false},"featured_media":3425,"comment_status":"open","ping_status":"closed","template":"","meta":{"spay_email":""},"product_cat":[57],"product_tag":[],"class_list":{"0":"post-3432","1":"product","2":"type-product","3":"status-publish","4":"has-post-thumbnail","6":"book_author-leon-tolstoi","7":"product_cat-novela","8":"entry"},"_links":{"self":[{"href":"https:\/\/tavapy.gov.py\/biblioteca\/wp-json\/wp\/v2\/product\/3432","targetHints":{"allow":["GET"]}}],"collection":[{"href":"https:\/\/tavapy.gov.py\/biblioteca\/wp-json\/wp\/v2\/product"}],"about":[{"href":"https:\/\/tavapy.gov.py\/biblioteca\/wp-json\/wp\/v2\/types\/product"}],"replies":[{"embeddable":true,"href":"https:\/\/tavapy.gov.py\/biblioteca\/wp-json\/wp\/v2\/comments?post=3432"}],"wp:featuredmedia":[{"embeddable":true,"href":"https:\/\/tavapy.gov.py\/biblioteca\/wp-json\/wp\/v2\/media\/3425"}],"wp:attachment":[{"href":"https:\/\/tavapy.gov.py\/biblioteca\/wp-json\/wp\/v2\/media?parent=3432"}],"wp:term":[{"taxonomy":"product_cat","embeddable":true,"href":"https:\/\/tavapy.gov.py\/biblioteca\/wp-json\/wp\/v2\/product_cat?post=3432"},{"taxonomy":"product_tag","embeddable":true,"href":"https:\/\/tavapy.gov.py\/biblioteca\/wp-json\/wp\/v2\/product_tag?post=3432"}],"curies":[{"name":"wp","href":"https:\/\/api.w.org\/{rel}","templated":true}]}}