{"id":3433,"date":"2022-03-28T03:36:47","date_gmt":"2022-03-28T03:36:47","guid":{"rendered":"https:\/\/tavapy.gov.py\/biblioteca\/?post_type=product&#038;p=3433"},"modified":"2022-04-01T19:42:15","modified_gmt":"2022-04-01T19:42:15","slug":"las-21-cualidades-indispensables-de-un-lider","status":"publish","type":"product","link":"https:\/\/tavapy.gov.py\/biblioteca\/product\/las-21-cualidades-indispensables-de-un-lider\/","title":{"rendered":"LAS 21 CUALIDADES INDISPENSABLES DE UN L\u00cdDER."},"content":{"rendered":"","protected":false},"excerpt":{"rendered":"<p>\u00bfCu\u00e1l es tu sue\u00f1o? En tu m\u00e1s fant\u00e1stica imaginaci\u00f3n, \u00bfqu\u00e9 te ves haciendo? \u00bfQu\u00e9 se interpone entre t\u00fa y tus sue\u00f1os? La respuesta es liderazgo. \u00abTodo surge o se desploma por liderazgo\u00bb, dice el Dr. John Maxwell, autor de numerosos libros sobre el tema, \u00abpero saber dirigir es solo la mitad de la batalla.<\/p>\n<p>Entender lo que es ser l\u00edder y liderar son dos actividades diferentes\u00bb. La clave para pasar de entender lo que es un l\u00edder a ser un buen l\u00edder est\u00e1 en el car\u00e1cter.<\/p>\n<p>Las cualidades del car\u00e1cter activan la capacidad de dirigir, \u00a1o se interponen en el camino del \u00e9xito! \u00bfCu\u00e1les son las buenas cualidades de un l\u00edder? Muchas, pero 21 de ellas son indispensables, y ese es el tema de este libro escrito en 1.999.<\/p>\n<p><a href=\"https:\/\/tavapy.gov.py\/biblioteca\/wp-content\/uploads\/2022\/03\/MaxwellJ-Cualidades.de_.un_.lider_.pdf\" target=\"_blank\" rel=\"attachment noopener wp-att-3564\"><img loading=\"lazy\" decoding=\"async\" class=\"size-full wp-image-3564 alignleft\" src=\"https:\/\/tavapy.gov.py\/biblioteca\/wp-content\/uploads\/2022\/03\/icono-PDF-copia-5.png\" alt=\"\" width=\"121\" height=\"140\" \/><\/a><\/p>\n","protected":false},"featured_media":3423,"comment_status":"open","ping_status":"closed","template":"","meta":{"spay_email":""},"product_cat":[154],"product_tag":[],"class_list":{"0":"post-3433","1":"product","2":"type-product","3":"status-publish","4":"has-post-thumbnail","6":"book_author-john-maxwell","7":"product_cat-liderazgo","8":"entry"},"_links":{"self":[{"href":"https:\/\/tavapy.gov.py\/biblioteca\/wp-json\/wp\/v2\/product\/3433","targetHints":{"allow":["GET"]}}],"collection":[{"href":"https:\/\/tavapy.gov.py\/biblioteca\/wp-json\/wp\/v2\/product"}],"about":[{"href":"https:\/\/tavapy.gov.py\/biblioteca\/wp-json\/wp\/v2\/types\/product"}],"replies":[{"embeddable":true,"href":"https:\/\/tavapy.gov.py\/biblioteca\/wp-json\/wp\/v2\/comments?post=3433"}],"wp:featuredmedia":[{"embeddable":true,"href":"https:\/\/tavapy.gov.py\/biblioteca\/wp-json\/wp\/v2\/media\/3423"}],"wp:attachment":[{"href":"https:\/\/tavapy.gov.py\/biblioteca\/wp-json\/wp\/v2\/media?parent=3433"}],"wp:term":[{"taxonomy":"product_cat","embeddable":true,"href":"https:\/\/tavapy.gov.py\/biblioteca\/wp-json\/wp\/v2\/product_cat?post=3433"},{"taxonomy":"product_tag","embeddable":true,"href":"https:\/\/tavapy.gov.py\/biblioteca\/wp-json\/wp\/v2\/product_tag?post=3433"}],"curies":[{"name":"wp","href":"https:\/\/api.w.org\/{rel}","templated":true}]}}