{"id":3434,"date":"2022-03-28T03:39:10","date_gmt":"2022-03-28T03:39:10","guid":{"rendered":"https:\/\/tavapy.gov.py\/biblioteca\/?post_type=product&#038;p=3434"},"modified":"2022-04-01T19:38:55","modified_gmt":"2022-04-01T19:38:55","slug":"como-ser-un-lider","status":"publish","type":"product","link":"https:\/\/tavapy.gov.py\/biblioteca\/product\/como-ser-un-lider\/","title":{"rendered":"C\u00d3MO SER UN L\u00cdDER."},"content":{"rendered":"","protected":false},"excerpt":{"rendered":"<p>Daniel Goleman, psic\u00f3logo y periodista, ha dedicado m\u00e1s de dos d\u00e9cadas a investigar los avances cient\u00edficos en busca de todo aquello que sea novedoso, importante y \u00fatil para nuestro desarrollo personal y profesional.<\/p>\n<p>Este nuevo libro escrito en el a\u00f1o 2.006, Goleman compila los art\u00edculos m\u00e1s buscados e innovadores dela Harvard Business Review y otras revistas de negocios.<\/p>\n<p>Este volumen refleja la evoluci\u00f3n del pensamiento de Goleman sobre la inteligencia emocional, el seguimiento de las \u00faltimas investigaciones neurocient\u00edficas sobre la din\u00e1mica de las relaciones y los datos m\u00e1s recientes sobre el impacto que tiene la inteligencia emocional en la l\u00ednea de fondo de una organizaci\u00f3n empresarial.<\/p>\n<p>Este material, muy citado y de demostrada efectividad, se ha convertido en una lectura esencial para los dirigentes, coachs y educadores comprometidos con el fomento de la buena gesti\u00f3n, as\u00ed como para aumentar el rendimiento y la innovaci\u00f3n empresarial.<\/p>\n<p><a href=\"https:\/\/tavapy.gov.py\/biblioteca\/wp-content\/uploads\/2022\/03\/GolemanD-Como-ser-un-lider.pdf\" target=\"_blank\" rel=\"attachment noopener wp-att-3564\"><img loading=\"lazy\" decoding=\"async\" class=\"size-full wp-image-3564 alignleft\" src=\"https:\/\/tavapy.gov.py\/biblioteca\/wp-content\/uploads\/2022\/03\/icono-PDF-copia-5.png\" alt=\"\" width=\"121\" height=\"140\" \/><\/a><\/p>\n","protected":false},"featured_media":3421,"comment_status":"open","ping_status":"closed","template":"","meta":{"spay_email":""},"product_cat":[154],"product_tag":[],"class_list":{"0":"post-3434","1":"product","2":"type-product","3":"status-publish","4":"has-post-thumbnail","6":"book_author-daniel-goleman","7":"product_cat-liderazgo","8":"entry"},"_links":{"self":[{"href":"https:\/\/tavapy.gov.py\/biblioteca\/wp-json\/wp\/v2\/product\/3434","targetHints":{"allow":["GET"]}}],"collection":[{"href":"https:\/\/tavapy.gov.py\/biblioteca\/wp-json\/wp\/v2\/product"}],"about":[{"href":"https:\/\/tavapy.gov.py\/biblioteca\/wp-json\/wp\/v2\/types\/product"}],"replies":[{"embeddable":true,"href":"https:\/\/tavapy.gov.py\/biblioteca\/wp-json\/wp\/v2\/comments?post=3434"}],"wp:featuredmedia":[{"embeddable":true,"href":"https:\/\/tavapy.gov.py\/biblioteca\/wp-json\/wp\/v2\/media\/3421"}],"wp:attachment":[{"href":"https:\/\/tavapy.gov.py\/biblioteca\/wp-json\/wp\/v2\/media?parent=3434"}],"wp:term":[{"taxonomy":"product_cat","embeddable":true,"href":"https:\/\/tavapy.gov.py\/biblioteca\/wp-json\/wp\/v2\/product_cat?post=3434"},{"taxonomy":"product_tag","embeddable":true,"href":"https:\/\/tavapy.gov.py\/biblioteca\/wp-json\/wp\/v2\/product_tag?post=3434"}],"curies":[{"name":"wp","href":"https:\/\/api.w.org\/{rel}","templated":true}]}}