{"id":3502,"date":"2022-03-29T16:38:09","date_gmt":"2022-03-29T16:38:09","guid":{"rendered":"https:\/\/tavapy.gov.py\/biblioteca\/?post_type=product&#038;p=3502"},"modified":"2022-04-01T19:26:04","modified_gmt":"2022-04-01T19:26:04","slug":"el-hombre-light","status":"publish","type":"product","link":"https:\/\/tavapy.gov.py\/biblioteca\/product\/el-hombre-light\/","title":{"rendered":"EL HOMBRE LIGHT."},"content":{"rendered":"","protected":false},"excerpt":{"rendered":"<p>En los \u00faltimos a\u00f1os ha surgido un nuevo tipo humano en la sociedad occidental del bienestar: el hombre light. Se trata de un ser hedonista y materialista cuya \u00fanica meta en la vida consiste en alcanzar el \u00e9xito; un ser al que solo le interesan el dinero y el consumo.<\/p>\n<p>En definitiva, un hombre infeliz e inseguro, vulnerable e indiferente por saturaci\u00f3n, que ha hecho de la permisividad su nuevo c\u00f3digo \u00e9tico y que va desde la tolerancia ilimitada a la revoluci\u00f3n sin finalidad.<\/p>\n<p>El doctor Enrique Rojas nos descubre en este apasionante libro, \u201cEl hombre light. La importancia de una vida con valores\u201d, obra escrita en 1.992, las claves psicol\u00f3gicas del hombre light y nos ayuda a conocer cu\u00e1les son las v\u00edas de salida para superar el gran vac\u00edo existencial que produce la falta de valores e ideales.<\/p>\n<p><a href=\"https:\/\/tavapy.gov.py\/biblioteca\/wp-content\/uploads\/2022\/03\/RojasEnrique-El-hombre-light.pdf\" target=\"_blank\" rel=\"attachment noopener wp-att-3564\"><img loading=\"lazy\" decoding=\"async\" class=\"size-full wp-image-3564 alignleft\" src=\"https:\/\/tavapy.gov.py\/biblioteca\/wp-content\/uploads\/2022\/03\/icono-PDF-copia-5.png\" alt=\"\" width=\"121\" height=\"140\" \/><\/a><\/p>\n","protected":false},"featured_media":3500,"comment_status":"open","ping_status":"closed","template":"","meta":{"spay_email":""},"product_cat":[67],"product_tag":[],"class_list":{"0":"post-3502","1":"product","2":"type-product","3":"status-publish","4":"has-post-thumbnail","6":"book_author-enrique-rojas","7":"product_cat-psicologia","8":"entry"},"_links":{"self":[{"href":"https:\/\/tavapy.gov.py\/biblioteca\/wp-json\/wp\/v2\/product\/3502","targetHints":{"allow":["GET"]}}],"collection":[{"href":"https:\/\/tavapy.gov.py\/biblioteca\/wp-json\/wp\/v2\/product"}],"about":[{"href":"https:\/\/tavapy.gov.py\/biblioteca\/wp-json\/wp\/v2\/types\/product"}],"replies":[{"embeddable":true,"href":"https:\/\/tavapy.gov.py\/biblioteca\/wp-json\/wp\/v2\/comments?post=3502"}],"wp:featuredmedia":[{"embeddable":true,"href":"https:\/\/tavapy.gov.py\/biblioteca\/wp-json\/wp\/v2\/media\/3500"}],"wp:attachment":[{"href":"https:\/\/tavapy.gov.py\/biblioteca\/wp-json\/wp\/v2\/media?parent=3502"}],"wp:term":[{"taxonomy":"product_cat","embeddable":true,"href":"https:\/\/tavapy.gov.py\/biblioteca\/wp-json\/wp\/v2\/product_cat?post=3502"},{"taxonomy":"product_tag","embeddable":true,"href":"https:\/\/tavapy.gov.py\/biblioteca\/wp-json\/wp\/v2\/product_tag?post=3502"}],"curies":[{"name":"wp","href":"https:\/\/api.w.org\/{rel}","templated":true}]}}