{"id":3504,"date":"2022-03-29T18:03:52","date_gmt":"2022-03-29T18:03:52","guid":{"rendered":"https:\/\/tavapy.gov.py\/biblioteca\/?post_type=product&#038;p=3504"},"modified":"2022-04-01T16:55:05","modified_gmt":"2022-04-01T16:55:05","slug":"el-liberalismo-europeo","status":"publish","type":"product","link":"https:\/\/tavapy.gov.py\/biblioteca\/product\/el-liberalismo-europeo\/","title":{"rendered":"EL LIBERALISMO EUROPEO."},"content":{"rendered":"","protected":false},"excerpt":{"rendered":"<p>En El liberalismo europeo, Harold J. Laski estudia esos cambios, las nuevas relaciones sociales que surgieron a partir de ellos y el ascenso de la burgues\u00eda al poder; todos factores decisivos que impulsaron el surgimiento del liberalismo como doctrina por excelencia de la civilizaci\u00f3n occidental.<\/p>\n<p>Sin embargo, al momento de publicar el libro (1936), el autor se dio cuenta de que el liberalismo, cuyo triunfo hab\u00eda llegado en el siglo XIX, se encontraba en crisis. Por ello, destaca la necesidad de efectuar reajustes en el pensamiento y de crear normas de mayor justicia.<\/p>\n<p>A pesar de los a\u00f1os transcurridos desde su publicaci\u00f3n, la obra permanece vigente, ya que la humanidad contin\u00faa en espera de ese \u00abnuevo orden social basado en una relaci\u00f3n nueva de hombre a hombre\u00bb, pensado por el autor.<\/p>\n<p><a href=\"https:\/\/tavapy.gov.py\/biblioteca\/wp-content\/uploads\/2022\/03\/LaskiJ-El-liberalismo-europeo.pdf\" target=\"_blank\" rel=\"attachment noopener wp-att-3564\"><img loading=\"lazy\" decoding=\"async\" class=\"size-full wp-image-3564 alignleft\" src=\"https:\/\/tavapy.gov.py\/biblioteca\/wp-content\/uploads\/2022\/03\/icono-PDF-copia-5.png\" alt=\"\" width=\"121\" height=\"140\" \/><\/a><\/p>\n","protected":false},"featured_media":3496,"comment_status":"open","ping_status":"closed","template":"","meta":{"spay_email":""},"product_cat":[160],"product_tag":[],"class_list":{"0":"post-3504","1":"product","2":"type-product","3":"status-publish","4":"has-post-thumbnail","6":"book_author-harold-laski","7":"product_cat-historia","8":"entry"},"_links":{"self":[{"href":"https:\/\/tavapy.gov.py\/biblioteca\/wp-json\/wp\/v2\/product\/3504","targetHints":{"allow":["GET"]}}],"collection":[{"href":"https:\/\/tavapy.gov.py\/biblioteca\/wp-json\/wp\/v2\/product"}],"about":[{"href":"https:\/\/tavapy.gov.py\/biblioteca\/wp-json\/wp\/v2\/types\/product"}],"replies":[{"embeddable":true,"href":"https:\/\/tavapy.gov.py\/biblioteca\/wp-json\/wp\/v2\/comments?post=3504"}],"wp:featuredmedia":[{"embeddable":true,"href":"https:\/\/tavapy.gov.py\/biblioteca\/wp-json\/wp\/v2\/media\/3496"}],"wp:attachment":[{"href":"https:\/\/tavapy.gov.py\/biblioteca\/wp-json\/wp\/v2\/media?parent=3504"}],"wp:term":[{"taxonomy":"product_cat","embeddable":true,"href":"https:\/\/tavapy.gov.py\/biblioteca\/wp-json\/wp\/v2\/product_cat?post=3504"},{"taxonomy":"product_tag","embeddable":true,"href":"https:\/\/tavapy.gov.py\/biblioteca\/wp-json\/wp\/v2\/product_tag?post=3504"}],"curies":[{"name":"wp","href":"https:\/\/api.w.org\/{rel}","templated":true}]}}