{"id":3506,"date":"2022-03-29T18:15:50","date_gmt":"2022-03-29T18:15:50","guid":{"rendered":"https:\/\/tavapy.gov.py\/biblioteca\/?post_type=product&#038;p=3506"},"modified":"2022-04-01T16:50:16","modified_gmt":"2022-04-01T16:50:16","slug":"pasos-hacia-una-ecologia-de-la-mente","status":"publish","type":"product","link":"https:\/\/tavapy.gov.py\/biblioteca\/product\/pasos-hacia-una-ecologia-de-la-mente\/","title":{"rendered":"PASOS HACIA UNA ECOLOG\u00cdA DE LA MENTE."},"content":{"rendered":"","protected":false},"excerpt":{"rendered":"<p>El libro publicado en 1.972 inicia con una serie de met\u00e1logos, los cuales toman la forma de conversaciones con su hija. Los met\u00e1logos son, principalmente, curiosos ejercicios de pensamiento con t\u00edtulos como \u201c\u00bfQu\u00e9 es un instinto?\u201d y \u201c\u00bfCu\u00e1nto es lo que sabes?\u201d. En los met\u00e1logos, la misma estructura del juego dial\u00e9ctico est\u00e1 cercanamente relacionada con el tema de la obra.<\/p>\n<p>La siguiente secci\u00f3n es una colecci\u00f3n de escritos antropol\u00f3gicos, muchos de los cuales fueron escritos cuando estaba casado con Margaret Mead, antrop\u00f3loga estadounidense.<\/p>\n<p>La parte III est\u00e1 dedicada al asunto de la \u201cForma y Patolog\u00eda en las Relaciones\u201d. Su ensayo sobre el alcoholismo es un buen ejemplo de su imponente intelecto. All\u00ed examina el estado alcoh\u00f3lico de la mente y la metodolog\u00eda de Alcoh\u00f3licos An\u00f3nimos desde el marco del, por ese entonces naciente, campo de la cibern\u00e9tica.<\/p>\n<p>La parte IV es una colecci\u00f3n de escritos acerca de \u201cBiolog\u00eda y Evoluci\u00f3n\u201d.<\/p>\n<p>La parte V est\u00e1 dedicada a \u201cEpistemolog\u00eda y Ecolog\u00eda\u201d.<\/p>\n<p>La parte V es titulada \u201cCrisis en la Ecolog\u00eda de la Mente\u201d.<\/p>\n<p><a href=\"https:\/\/tavapy.gov.py\/biblioteca\/wp-content\/uploads\/2022\/03\/BatesonG-Pasos-hacia-una-ecologia-de-la-mente.pdf\" target=\"_blank\" rel=\"attachment noopener wp-att-3564\"><img loading=\"lazy\" decoding=\"async\" class=\"size-full wp-image-3564 alignleft\" src=\"https:\/\/tavapy.gov.py\/biblioteca\/wp-content\/uploads\/2022\/03\/icono-PDF-copia-5.png\" alt=\"\" width=\"121\" height=\"140\" \/><\/a><\/p>\n","protected":false},"featured_media":3494,"comment_status":"open","ping_status":"closed","template":"","meta":{"spay_email":""},"product_cat":[162],"product_tag":[],"class_list":{"0":"post-3506","1":"product","2":"type-product","3":"status-publish","4":"has-post-thumbnail","6":"book_author-gregory-bateson","7":"product_cat-estudio-interdisciplinario","8":"entry"},"_links":{"self":[{"href":"https:\/\/tavapy.gov.py\/biblioteca\/wp-json\/wp\/v2\/product\/3506","targetHints":{"allow":["GET"]}}],"collection":[{"href":"https:\/\/tavapy.gov.py\/biblioteca\/wp-json\/wp\/v2\/product"}],"about":[{"href":"https:\/\/tavapy.gov.py\/biblioteca\/wp-json\/wp\/v2\/types\/product"}],"replies":[{"embeddable":true,"href":"https:\/\/tavapy.gov.py\/biblioteca\/wp-json\/wp\/v2\/comments?post=3506"}],"wp:featuredmedia":[{"embeddable":true,"href":"https:\/\/tavapy.gov.py\/biblioteca\/wp-json\/wp\/v2\/media\/3494"}],"wp:attachment":[{"href":"https:\/\/tavapy.gov.py\/biblioteca\/wp-json\/wp\/v2\/media?parent=3506"}],"wp:term":[{"taxonomy":"product_cat","embeddable":true,"href":"https:\/\/tavapy.gov.py\/biblioteca\/wp-json\/wp\/v2\/product_cat?post=3506"},{"taxonomy":"product_tag","embeddable":true,"href":"https:\/\/tavapy.gov.py\/biblioteca\/wp-json\/wp\/v2\/product_tag?post=3506"}],"curies":[{"name":"wp","href":"https:\/\/api.w.org\/{rel}","templated":true}]}}