{"id":3507,"date":"2022-03-29T18:20:59","date_gmt":"2022-03-29T18:20:59","guid":{"rendered":"https:\/\/tavapy.gov.py\/biblioteca\/?post_type=product&#038;p=3507"},"modified":"2022-04-01T16:46:01","modified_gmt":"2022-04-01T16:46:01","slug":"el-mundo-y-sus-demonios","status":"publish","type":"product","link":"https:\/\/tavapy.gov.py\/biblioteca\/product\/el-mundo-y-sus-demonios\/","title":{"rendered":"EL MUNDO Y SUS DEMONIOS."},"content":{"rendered":"","protected":false},"excerpt":{"rendered":"<p>\u00bfEstamos al borde de una nueva edad oscura de irracionalismo y superstici\u00f3n? En este libro conmovedor, el incomparable Carl Sagan demuestra con brillantez que el pensamiento cient\u00edfico es necesario para salvaguardar nuestras instituciones democr\u00e1ticas y nuestra civilizaci\u00f3n t\u00e9cnica.<\/p>\n<p>El mundo y sus demonios, obra escrita en 1.995 es el libro m\u00e1s personal de Sagan, y est\u00e1 lleno de historias humanas entra\u00f1ables y reveladoras. El autor, con las experiencias de su propia infancia y la apasionante historia de los descubrimientos de la ciencia, muestra c\u00f3mo el m\u00e9todo del pensamiento racional puede superar prejuicios y supersticiones para dejar al descubierto la verdad, que, con frecuencia, resulta sorprendente.<\/p>\n<p><a href=\"https:\/\/tavapy.gov.py\/biblioteca\/wp-content\/uploads\/2022\/03\/SaganC-El-mundo-y-sus-demonios.pdf\" target=\"_blank\" rel=\"attachment noopener wp-att-3564\"><img loading=\"lazy\" decoding=\"async\" class=\"size-full wp-image-3564 alignleft\" src=\"https:\/\/tavapy.gov.py\/biblioteca\/wp-content\/uploads\/2022\/03\/icono-PDF-copia-5.png\" alt=\"\" width=\"121\" height=\"140\" \/><\/a><\/p>\n","protected":false},"featured_media":3492,"comment_status":"open","ping_status":"closed","template":"","meta":{"spay_email":""},"product_cat":[164],"product_tag":[],"class_list":{"0":"post-3507","1":"product","2":"type-product","3":"status-publish","4":"has-post-thumbnail","6":"book_author-carl-sagan","7":"product_cat-ciencias","8":"entry"},"_links":{"self":[{"href":"https:\/\/tavapy.gov.py\/biblioteca\/wp-json\/wp\/v2\/product\/3507","targetHints":{"allow":["GET"]}}],"collection":[{"href":"https:\/\/tavapy.gov.py\/biblioteca\/wp-json\/wp\/v2\/product"}],"about":[{"href":"https:\/\/tavapy.gov.py\/biblioteca\/wp-json\/wp\/v2\/types\/product"}],"replies":[{"embeddable":true,"href":"https:\/\/tavapy.gov.py\/biblioteca\/wp-json\/wp\/v2\/comments?post=3507"}],"wp:featuredmedia":[{"embeddable":true,"href":"https:\/\/tavapy.gov.py\/biblioteca\/wp-json\/wp\/v2\/media\/3492"}],"wp:attachment":[{"href":"https:\/\/tavapy.gov.py\/biblioteca\/wp-json\/wp\/v2\/media?parent=3507"}],"wp:term":[{"taxonomy":"product_cat","embeddable":true,"href":"https:\/\/tavapy.gov.py\/biblioteca\/wp-json\/wp\/v2\/product_cat?post=3507"},{"taxonomy":"product_tag","embeddable":true,"href":"https:\/\/tavapy.gov.py\/biblioteca\/wp-json\/wp\/v2\/product_tag?post=3507"}],"curies":[{"name":"wp","href":"https:\/\/api.w.org\/{rel}","templated":true}]}}