{"id":3509,"date":"2022-03-29T19:01:08","date_gmt":"2022-03-29T19:01:08","guid":{"rendered":"https:\/\/tavapy.gov.py\/biblioteca\/?post_type=product&#038;p=3509"},"modified":"2022-04-01T16:40:28","modified_gmt":"2022-04-01T16:40:28","slug":"padres-brillantes-maestros-fascinantes","status":"publish","type":"product","link":"https:\/\/tavapy.gov.py\/biblioteca\/product\/padres-brillantes-maestros-fascinantes\/","title":{"rendered":"PADRES BRILLANTES, MAESTROS FASCINANTES."},"content":{"rendered":"","protected":false},"excerpt":{"rendered":"<p>Formar ni\u00f1os y adolescentes sociables, felices, libres y emprendedores es un hermoso desaf\u00edo en estos momentos. La soledad nunca fue tan intensa: los padres esconden sus sentimientos a los hijos, los hijos esconden sus l\u00e1grimas a los padres, los maestros se ocultan detr\u00e1s de las tizas.<\/p>\n<p>El estr\u00e9s y la ansiedad son parte de la rutina de j\u00f3venes y adultos. La producci\u00f3n de conocimiento se ha multiplicado, pero las nuevas generaciones no son formadas para pensar, sino para repetir informaci\u00f3n.<\/p>\n<p>La educaci\u00f3n atraviesa una crisis sin precedentes en todo el mundo. \u00bfHay esperanza? \u00a1S\u00ed! En este libro escrito en el 2.003, el psiquiatra Augusto Cury muestra que es necesario cultivar la emoci\u00f3n y expandir la inteligencia de los j\u00f3venes. Y, para eso, padres y maestros precisan de herramientas para estimular a los ni\u00f1os y adolescentes.<\/p>\n<p><a href=\"https:\/\/tavapy.gov.py\/biblioteca\/wp-content\/uploads\/2022\/03\/CuryA-Padres_brillantes_maestros_facinantes-1.pdf\" target=\"_blank\" rel=\"attachment noopener wp-att-3564\"><img loading=\"lazy\" decoding=\"async\" class=\"size-full wp-image-3564 alignleft\" src=\"https:\/\/tavapy.gov.py\/biblioteca\/wp-content\/uploads\/2022\/03\/icono-PDF-copia-5.png\" alt=\"\" width=\"121\" height=\"140\" \/><\/a><\/p>\n","protected":false},"featured_media":3488,"comment_status":"open","ping_status":"closed","template":"","meta":{"spay_email":""},"product_cat":[67],"product_tag":[],"class_list":{"0":"post-3509","1":"product","2":"type-product","3":"status-publish","4":"has-post-thumbnail","6":"book_author-augusto-cury","7":"product_cat-psicologia","8":"entry"},"_links":{"self":[{"href":"https:\/\/tavapy.gov.py\/biblioteca\/wp-json\/wp\/v2\/product\/3509","targetHints":{"allow":["GET"]}}],"collection":[{"href":"https:\/\/tavapy.gov.py\/biblioteca\/wp-json\/wp\/v2\/product"}],"about":[{"href":"https:\/\/tavapy.gov.py\/biblioteca\/wp-json\/wp\/v2\/types\/product"}],"replies":[{"embeddable":true,"href":"https:\/\/tavapy.gov.py\/biblioteca\/wp-json\/wp\/v2\/comments?post=3509"}],"wp:featuredmedia":[{"embeddable":true,"href":"https:\/\/tavapy.gov.py\/biblioteca\/wp-json\/wp\/v2\/media\/3488"}],"wp:attachment":[{"href":"https:\/\/tavapy.gov.py\/biblioteca\/wp-json\/wp\/v2\/media?parent=3509"}],"wp:term":[{"taxonomy":"product_cat","embeddable":true,"href":"https:\/\/tavapy.gov.py\/biblioteca\/wp-json\/wp\/v2\/product_cat?post=3509"},{"taxonomy":"product_tag","embeddable":true,"href":"https:\/\/tavapy.gov.py\/biblioteca\/wp-json\/wp\/v2\/product_tag?post=3509"}],"curies":[{"name":"wp","href":"https:\/\/api.w.org\/{rel}","templated":true}]}}