{"id":3511,"date":"2022-03-29T19:08:40","date_gmt":"2022-03-29T19:08:40","guid":{"rendered":"https:\/\/tavapy.gov.py\/biblioteca\/?post_type=product&#038;p=3511"},"modified":"2022-04-01T15:00:00","modified_gmt":"2022-04-01T15:00:00","slug":"la-fisica-de-lo-imposible","status":"publish","type":"product","link":"https:\/\/tavapy.gov.py\/biblioteca\/product\/la-fisica-de-lo-imposible\/","title":{"rendered":"LA F\u00cdSICA DE LO IMPOSIBLE."},"content":{"rendered":"","protected":false},"excerpt":{"rendered":"<p>Teletransporte, m\u00e1quinas del tiempo, campos de fuerza y naves intergal\u00e1cticas: \u00bfmateria de ciencia ficci\u00f3n o tecnolog\u00edas potencialmente disponibles en el futuro?<\/p>\n<p>Inspirado por los mundos fant\u00e1sticos de H.G. Wells, Star Trek o La guerra de las galaxias, el prestigioso f\u00edsico te\u00f3rico y divulgador Michio Kaku lanza una mirada inteligente, seria y a menudo sorprendente a lo que nuestra actual comprensi\u00f3n de las leyes del universo nos permite vislumbrar en el futuro, a trav\u00e9s de este libro escrito en el a\u00f1o 2.008.<\/p>\n<p>Un fascinante viaje por mundos hasta ahora solo so\u00f1ados por la ciencia ficci\u00f3n, que ofrece nuevos retos a las pr\u00f3ximas generaciones de cient\u00edficos capaces de desafiar las imposibilidades de nuestro tiempo.<\/p>\n<p><a href=\"https:\/\/tavapy.gov.py\/biblioteca\/wp-content\/uploads\/2022\/03\/KakuM-Fisica-de-lo-imposible.pdf\" target=\"_blank\" rel=\"attachment noopener wp-att-3564\"><img loading=\"lazy\" decoding=\"async\" class=\"size-full wp-image-3564 alignleft\" src=\"https:\/\/tavapy.gov.py\/biblioteca\/wp-content\/uploads\/2022\/03\/icono-PDF-copia-5.png\" alt=\"\" width=\"121\" height=\"140\" \/><\/a><\/p>\n","protected":false},"featured_media":3484,"comment_status":"open","ping_status":"closed","template":"","meta":{"spay_email":""},"product_cat":[109],"product_tag":[],"class_list":{"0":"post-3511","1":"product","2":"type-product","3":"status-publish","4":"has-post-thumbnail","6":"book_author-michio-kaku","7":"product_cat-fisica-moderna","8":"entry"},"_links":{"self":[{"href":"https:\/\/tavapy.gov.py\/biblioteca\/wp-json\/wp\/v2\/product\/3511","targetHints":{"allow":["GET"]}}],"collection":[{"href":"https:\/\/tavapy.gov.py\/biblioteca\/wp-json\/wp\/v2\/product"}],"about":[{"href":"https:\/\/tavapy.gov.py\/biblioteca\/wp-json\/wp\/v2\/types\/product"}],"replies":[{"embeddable":true,"href":"https:\/\/tavapy.gov.py\/biblioteca\/wp-json\/wp\/v2\/comments?post=3511"}],"wp:featuredmedia":[{"embeddable":true,"href":"https:\/\/tavapy.gov.py\/biblioteca\/wp-json\/wp\/v2\/media\/3484"}],"wp:attachment":[{"href":"https:\/\/tavapy.gov.py\/biblioteca\/wp-json\/wp\/v2\/media?parent=3511"}],"wp:term":[{"taxonomy":"product_cat","embeddable":true,"href":"https:\/\/tavapy.gov.py\/biblioteca\/wp-json\/wp\/v2\/product_cat?post=3511"},{"taxonomy":"product_tag","embeddable":true,"href":"https:\/\/tavapy.gov.py\/biblioteca\/wp-json\/wp\/v2\/product_tag?post=3511"}],"curies":[{"name":"wp","href":"https:\/\/api.w.org\/{rel}","templated":true}]}}