{"id":3512,"date":"2022-03-29T19:12:45","date_gmt":"2022-03-29T19:12:45","guid":{"rendered":"https:\/\/tavapy.gov.py\/biblioteca\/?post_type=product&#038;p=3512"},"modified":"2022-04-01T14:57:17","modified_gmt":"2022-04-01T14:57:17","slug":"la-sombra-del-galileo","status":"publish","type":"product","link":"https:\/\/tavapy.gov.py\/biblioteca\/product\/la-sombra-del-galileo\/","title":{"rendered":"LA SOMBRA DEL GALILEO."},"content":{"rendered":"","protected":false},"excerpt":{"rendered":"<p>\u00bfQu\u00e9 resulta cuando un especialista de los estudios b\u00edblicos, la arqueolog\u00eda mediterr\u00e1nea antigua y la cultura e historia jud\u00edas del siglo I, intenta reunir en un libro breve y accesible a todos los p\u00fablicos los resultados que las ciencias sociales han aceptado como seguros sobre Jes\u00fas de Nazaret?<\/p>\n<p>La Sombra del Galileo que fue escrita en 1.986 es una novela peculiar. Andr\u00e9s, un joven jud\u00edo, es obligado por Pilato a recopilar diferentes materiales sobre los nuevos movimientos religiosos que existen en Palestina.<\/p>\n<p>En el transcurso de la investigaci\u00f3n, y de forma casual, se cruza en su camino un tal Jes\u00fas de Nazaret, personaje sobre el que intenta elaborar un informe.<\/p>\n<p>Siempre desde la distancia que impone su trabajo, el joven Andr\u00e9s se acerca a la predicaci\u00f3n y las actuaciones del profeta de Galilea, tratando de elaborar un retrato lo m\u00e1s exacto posible y coherente con el juda\u00edsmo de la \u00e9poca.<\/p>\n<p><a href=\"https:\/\/tavapy.gov.py\/biblioteca\/wp-content\/uploads\/2022\/03\/TheissenG-La-Sombra-del-Galileo.pdf\" target=\"_blank\" rel=\"attachment noopener wp-att-3564\"><img loading=\"lazy\" decoding=\"async\" class=\"size-full wp-image-3564 alignleft\" src=\"https:\/\/tavapy.gov.py\/biblioteca\/wp-content\/uploads\/2022\/03\/icono-PDF-copia-5.png\" alt=\"\" width=\"121\" height=\"140\" \/><\/a><\/p>\n","protected":false},"featured_media":3482,"comment_status":"open","ping_status":"closed","template":"","meta":{"spay_email":""},"product_cat":[57],"product_tag":[],"class_list":{"0":"post-3512","1":"product","2":"type-product","3":"status-publish","4":"has-post-thumbnail","6":"book_author-gerd-theissen","7":"product_cat-novela","8":"entry"},"_links":{"self":[{"href":"https:\/\/tavapy.gov.py\/biblioteca\/wp-json\/wp\/v2\/product\/3512","targetHints":{"allow":["GET"]}}],"collection":[{"href":"https:\/\/tavapy.gov.py\/biblioteca\/wp-json\/wp\/v2\/product"}],"about":[{"href":"https:\/\/tavapy.gov.py\/biblioteca\/wp-json\/wp\/v2\/types\/product"}],"replies":[{"embeddable":true,"href":"https:\/\/tavapy.gov.py\/biblioteca\/wp-json\/wp\/v2\/comments?post=3512"}],"wp:featuredmedia":[{"embeddable":true,"href":"https:\/\/tavapy.gov.py\/biblioteca\/wp-json\/wp\/v2\/media\/3482"}],"wp:attachment":[{"href":"https:\/\/tavapy.gov.py\/biblioteca\/wp-json\/wp\/v2\/media?parent=3512"}],"wp:term":[{"taxonomy":"product_cat","embeddable":true,"href":"https:\/\/tavapy.gov.py\/biblioteca\/wp-json\/wp\/v2\/product_cat?post=3512"},{"taxonomy":"product_tag","embeddable":true,"href":"https:\/\/tavapy.gov.py\/biblioteca\/wp-json\/wp\/v2\/product_tag?post=3512"}],"curies":[{"name":"wp","href":"https:\/\/api.w.org\/{rel}","templated":true}]}}