{"id":3513,"date":"2022-03-29T19:16:53","date_gmt":"2022-03-29T19:16:53","guid":{"rendered":"https:\/\/tavapy.gov.py\/biblioteca\/?post_type=product&#038;p=3513"},"modified":"2022-04-01T14:54:52","modified_gmt":"2022-04-01T14:54:52","slug":"jesus-y-el-judaismo","status":"publish","type":"product","link":"https:\/\/tavapy.gov.py\/biblioteca\/product\/jesus-y-el-judaismo\/","title":{"rendered":"JES\u00daS Y EL JUDA\u00cdSMO."},"content":{"rendered":"","protected":false},"excerpt":{"rendered":"<p>\u00bfC\u00f3mo es posible que Jes\u00fas viviese totalmente dentro del juda\u00edsmo y al mismo tiempo fuera el origen de un movimiento que se separ\u00f3 de \u00e9l?<\/p>\n<p>\u00abLa finalidad de este libro\u00bb, escribe Ed Parish Sanders, \u00abes investigar dos cuestiones relacionadas entre s\u00ed en torno a Jes\u00fas: el prop\u00f3sito y las relaciones de este con sus contempor\u00e1neos en el marco del juda\u00edsmo.<\/p>\n<p>Estas dos cuestiones nos llevan inmediatamente a otras dos: la causa de su muerte (\u00bfimplicaban sus intenciones una oposici\u00f3n tal al juda\u00edsmo que habr\u00eda de conducirlo a la muerte?) y el impulso que motiv\u00f3 el surgimiento del cristianismo (\u00bftuvo su origen en una confrontaci\u00f3n hist\u00f3rica entre Jes\u00fas y el juda\u00edsmo la escisi\u00f3n entre el movimiento cristiano y ese \u00faltimo?)\u00bb.<\/p>\n<p>Sanders, en Jes\u00fas y el juda\u00edsmo, obra escrita en el a\u00f1o 1.986, recapitula con esmero la amplia literatura sobre el Jes\u00fas hist\u00f3rico y hace una lectura cr\u00edtica y s\u00f3lidamente documentada de las relaciones de este con el juda\u00edsmo de su tiempo, empezando por la escatolog\u00eda de Jes\u00fas en el contexto de la restauraci\u00f3n de Israel, siguiendo con su propuesta del Reino y acabando en el estudio del conflicto con sus adversarios y de las causas de su muerte.<\/p>\n<p><a href=\"https:\/\/tavapy.gov.py\/biblioteca\/wp-content\/uploads\/2022\/03\/SandersJesus-y-el-judaismo.pdf\" target=\"_blank\" rel=\"attachment noopener wp-att-3564\"><img loading=\"lazy\" decoding=\"async\" class=\"size-full wp-image-3564 alignleft\" src=\"https:\/\/tavapy.gov.py\/biblioteca\/wp-content\/uploads\/2022\/03\/icono-PDF-copia-5.png\" alt=\"\" width=\"121\" height=\"140\" \/><\/a><\/p>\n","protected":false},"featured_media":3480,"comment_status":"open","ping_status":"closed","template":"","meta":{"spay_email":""},"product_cat":[173],"product_tag":[],"class_list":{"0":"post-3513","1":"product","2":"type-product","3":"status-publish","4":"has-post-thumbnail","6":"book_author-ed-parish-sanders","7":"product_cat-estudios-biblicos","8":"entry"},"_links":{"self":[{"href":"https:\/\/tavapy.gov.py\/biblioteca\/wp-json\/wp\/v2\/product\/3513","targetHints":{"allow":["GET"]}}],"collection":[{"href":"https:\/\/tavapy.gov.py\/biblioteca\/wp-json\/wp\/v2\/product"}],"about":[{"href":"https:\/\/tavapy.gov.py\/biblioteca\/wp-json\/wp\/v2\/types\/product"}],"replies":[{"embeddable":true,"href":"https:\/\/tavapy.gov.py\/biblioteca\/wp-json\/wp\/v2\/comments?post=3513"}],"wp:featuredmedia":[{"embeddable":true,"href":"https:\/\/tavapy.gov.py\/biblioteca\/wp-json\/wp\/v2\/media\/3480"}],"wp:attachment":[{"href":"https:\/\/tavapy.gov.py\/biblioteca\/wp-json\/wp\/v2\/media?parent=3513"}],"wp:term":[{"taxonomy":"product_cat","embeddable":true,"href":"https:\/\/tavapy.gov.py\/biblioteca\/wp-json\/wp\/v2\/product_cat?post=3513"},{"taxonomy":"product_tag","embeddable":true,"href":"https:\/\/tavapy.gov.py\/biblioteca\/wp-json\/wp\/v2\/product_tag?post=3513"}],"curies":[{"name":"wp","href":"https:\/\/api.w.org\/{rel}","templated":true}]}}