{"id":3514,"date":"2022-03-29T19:21:26","date_gmt":"2022-03-29T19:21:26","guid":{"rendered":"https:\/\/tavapy.gov.py\/biblioteca\/?post_type=product&#038;p=3514"},"modified":"2022-04-01T14:51:44","modified_gmt":"2022-04-01T14:51:44","slug":"las-edades-de-gaia","status":"publish","type":"product","link":"https:\/\/tavapy.gov.py\/biblioteca\/product\/las-edades-de-gaia\/","title":{"rendered":"LAS EDADES DE GAIA."},"content":{"rendered":"","protected":false},"excerpt":{"rendered":"<p>Gaia, la diosa griega, era la madre tierra para los antiguos. James Lovelock, en cambio, reemplaza aqu\u00ed el mito por la ciencia.<\/p>\n<p>Exponiendo los \u00faltimos descubrimientos en geolog\u00eda, geoqu\u00edmica, biolog\u00eda evolutiva y climatolog\u00eda y aportando su propia investigaci\u00f3n en este terreno, nos ofrece una nueva s\u00edntesis cient\u00edfica en armon\u00eda con la concepci\u00f3n griega de que la Tierra es un todo viviente, coherente, autorregulador y autocambiante, una especie de inmenso organismo vivo que se extiende desde el mismo coraz\u00f3n ardiente de la Tierra hasta la atm\u00f3sfera exterior.<\/p>\n<p>En 1979, Lovelock esboz\u00f3 por primera vez esta teor\u00eda en Gaia: una nueva visi\u00f3n de la Tierra. En Las edades de Gaia, obra escrita en 1.993, Lovelock pone a punto su teor\u00eda y adelanta hip\u00f3tesis provocadoras.<\/p>\n<p>El efecto invernadero, la desforestaci\u00f3n, las lluvias \u00e1cidas, los agujeros en la ozonosfera, la energ\u00eda nuclear y la actividad del hombre en la biosfera son tan s\u00f3lo algunos de los conflictos con los que Lovelock se enfrenta en este libro que nos habla de la Tierra y de nuestro futuro en ella desde una perspectiva para nosotros, hoy, absolutamente fascinante.<\/p>\n<p><a href=\"https:\/\/tavapy.gov.py\/biblioteca\/wp-content\/uploads\/2022\/03\/LovelockJ-Las-edades-de-gaia.pdf\" target=\"_blank\" rel=\"attachment noopener wp-att-3564\"><img loading=\"lazy\" decoding=\"async\" class=\"size-full wp-image-3564 alignleft\" src=\"https:\/\/tavapy.gov.py\/biblioteca\/wp-content\/uploads\/2022\/03\/icono-PDF-copia-5.png\" alt=\"\" width=\"121\" height=\"140\" \/><\/a><\/p>\n","protected":false},"featured_media":3478,"comment_status":"open","ping_status":"closed","template":"","meta":{"spay_email":""},"product_cat":[175],"product_tag":[],"class_list":{"0":"post-3514","1":"product","2":"type-product","3":"status-publish","4":"has-post-thumbnail","6":"book_author-james-lovelock","7":"product_cat-ciencia-ecologia","8":"entry"},"_links":{"self":[{"href":"https:\/\/tavapy.gov.py\/biblioteca\/wp-json\/wp\/v2\/product\/3514","targetHints":{"allow":["GET"]}}],"collection":[{"href":"https:\/\/tavapy.gov.py\/biblioteca\/wp-json\/wp\/v2\/product"}],"about":[{"href":"https:\/\/tavapy.gov.py\/biblioteca\/wp-json\/wp\/v2\/types\/product"}],"replies":[{"embeddable":true,"href":"https:\/\/tavapy.gov.py\/biblioteca\/wp-json\/wp\/v2\/comments?post=3514"}],"wp:featuredmedia":[{"embeddable":true,"href":"https:\/\/tavapy.gov.py\/biblioteca\/wp-json\/wp\/v2\/media\/3478"}],"wp:attachment":[{"href":"https:\/\/tavapy.gov.py\/biblioteca\/wp-json\/wp\/v2\/media?parent=3514"}],"wp:term":[{"taxonomy":"product_cat","embeddable":true,"href":"https:\/\/tavapy.gov.py\/biblioteca\/wp-json\/wp\/v2\/product_cat?post=3514"},{"taxonomy":"product_tag","embeddable":true,"href":"https:\/\/tavapy.gov.py\/biblioteca\/wp-json\/wp\/v2\/product_tag?post=3514"}],"curies":[{"name":"wp","href":"https:\/\/api.w.org\/{rel}","templated":true}]}}