{"id":3515,"date":"2022-03-29T19:24:52","date_gmt":"2022-03-29T19:24:52","guid":{"rendered":"https:\/\/tavapy.gov.py\/biblioteca\/?post_type=product&#038;p=3515"},"modified":"2022-04-01T14:48:42","modified_gmt":"2022-04-01T14:48:42","slug":"planeta-simbiotico","status":"publish","type":"product","link":"https:\/\/tavapy.gov.py\/biblioteca\/product\/planeta-simbiotico\/","title":{"rendered":"PLANETA SIMBI\u00d3TICO."},"content":{"rendered":"","protected":false},"excerpt":{"rendered":"<p>Aunque la teor\u00eda de la evoluci\u00f3n de Charles Darwin descansaba sobre los fundamentos de la biolog\u00eda moderna, no revelaba todos los datos. Darwin y sus sucesores modernos han mostrado de modo muy convincente c\u00f3mo opera la selecci\u00f3n natural sobre la variabilidad de la especie, pero sin responder a la cuesti\u00f3n de c\u00f3mo los diferentes organismos acaban por ocupar un lugar m\u00e1s o menos privilegiado.<\/p>\n<p>En Planeta simbi\u00f3tico, obra escrita en 1.998, la cient\u00edfica Lynn Margulis muestra que la simbiosis es crucial para los or\u00edgenes de las novedades evolutivas. Abarcando desde las bacterias -las formas de vida m\u00e1s peque\u00f1as- hasta las m\u00e1s grandes -la propia Tierra-, Margulis explica el origen simbi\u00f3tico de muchas de las m\u00e1s importantes innovaciones de la evoluci\u00f3n.<\/p>\n<p>Las mismas c\u00e9lulas de las que estamos hechos comenzaron siendo uniones simbi\u00f3ticas de diferentes tipos de bacterias. Y como todos los seres vivos est\u00e1n ba\u00f1ados por las mismas aguas y atm\u00f3sfera, todos los habitantes de la Tierra pertenecen a una gran unidad simbi\u00f3tica.<\/p>\n<p>Contemplado desde el espacio, Gaia, el ecosistema m\u00e1s grande de la superficie terrestre, es s\u00f3lo una gran simbiosis.<\/p>\n<p><a href=\"https:\/\/tavapy.gov.py\/biblioteca\/wp-content\/uploads\/2022\/03\/MargulisL-Planeta-simbiotico.pdf\" target=\"_blank\" rel=\"attachment noopener wp-att-3564\"><img loading=\"lazy\" decoding=\"async\" class=\"size-full wp-image-3564 alignleft\" src=\"https:\/\/tavapy.gov.py\/biblioteca\/wp-content\/uploads\/2022\/03\/icono-PDF-copia-5.png\" alt=\"\" width=\"121\" height=\"140\" \/><\/a><\/p>\n","protected":false},"featured_media":3476,"comment_status":"open","ping_status":"closed","template":"","meta":{"spay_email":""},"product_cat":[177],"product_tag":[],"class_list":{"0":"post-3515","1":"product","2":"type-product","3":"status-publish","4":"has-post-thumbnail","6":"book_author-lynn-margulis","7":"product_cat-biologia-moderna","8":"entry"},"_links":{"self":[{"href":"https:\/\/tavapy.gov.py\/biblioteca\/wp-json\/wp\/v2\/product\/3515","targetHints":{"allow":["GET"]}}],"collection":[{"href":"https:\/\/tavapy.gov.py\/biblioteca\/wp-json\/wp\/v2\/product"}],"about":[{"href":"https:\/\/tavapy.gov.py\/biblioteca\/wp-json\/wp\/v2\/types\/product"}],"replies":[{"embeddable":true,"href":"https:\/\/tavapy.gov.py\/biblioteca\/wp-json\/wp\/v2\/comments?post=3515"}],"wp:featuredmedia":[{"embeddable":true,"href":"https:\/\/tavapy.gov.py\/biblioteca\/wp-json\/wp\/v2\/media\/3476"}],"wp:attachment":[{"href":"https:\/\/tavapy.gov.py\/biblioteca\/wp-json\/wp\/v2\/media?parent=3515"}],"wp:term":[{"taxonomy":"product_cat","embeddable":true,"href":"https:\/\/tavapy.gov.py\/biblioteca\/wp-json\/wp\/v2\/product_cat?post=3515"},{"taxonomy":"product_tag","embeddable":true,"href":"https:\/\/tavapy.gov.py\/biblioteca\/wp-json\/wp\/v2\/product_tag?post=3515"}],"curies":[{"name":"wp","href":"https:\/\/api.w.org\/{rel}","templated":true}]}}