{"id":3517,"date":"2022-03-29T19:32:13","date_gmt":"2022-03-29T19:32:13","guid":{"rendered":"https:\/\/tavapy.gov.py\/biblioteca\/?post_type=product&#038;p=3517"},"modified":"2022-04-01T14:39:23","modified_gmt":"2022-04-01T14:39:23","slug":"un-corazon-sencillo","status":"publish","type":"product","link":"https:\/\/tavapy.gov.py\/biblioteca\/product\/un-corazon-sencillo\/","title":{"rendered":"UN CORAZ\u00d3N SENCILLO."},"content":{"rendered":"","protected":false},"excerpt":{"rendered":"<p>Un coraz\u00f3n sencillo, obra escrita en 1.877, era para Flaubert \u00abla historia de una chica vieja y un loro\u00bb. Un relato corto pero de una exigencia literaria enorme. El coraz\u00f3n sencillo es el de una chica que se convierte en criada y nunca cambia su condici\u00f3n. El loro Lul\u00fa, icono de nuestra cultura, juega un papel fundamental en el sentido de su vida.<\/p>\n<p>En los Cuadernos de lectura creativa el lector se convierte en un lector creativo, conoce y entiende a los cl\u00e1sicos en obras cortas y fundamentales, tiene la posibilidad de crear un club de lectura y de escribir su experiencia con el texto en el cuaderno.<\/p>\n<p><a href=\"https:\/\/tavapy.gov.py\/biblioteca\/wp-content\/uploads\/2022\/03\/FlaubertG-Un-Corazon-sencillo.pdf\" target=\"_blank\" rel=\"attachment noopener wp-att-3564\"><img loading=\"lazy\" decoding=\"async\" class=\"size-full wp-image-3564 alignleft\" src=\"https:\/\/tavapy.gov.py\/biblioteca\/wp-content\/uploads\/2022\/03\/icono-PDF-copia-5.png\" alt=\"\" width=\"121\" height=\"140\" \/><\/a><\/p>\n","protected":false},"featured_media":3473,"comment_status":"open","ping_status":"closed","template":"","meta":{"spay_email":""},"product_cat":[57],"product_tag":[],"class_list":{"0":"post-3517","1":"product","2":"type-product","3":"status-publish","4":"has-post-thumbnail","6":"book_author-gustave-flaubert","7":"product_cat-novela","8":"entry"},"_links":{"self":[{"href":"https:\/\/tavapy.gov.py\/biblioteca\/wp-json\/wp\/v2\/product\/3517","targetHints":{"allow":["GET"]}}],"collection":[{"href":"https:\/\/tavapy.gov.py\/biblioteca\/wp-json\/wp\/v2\/product"}],"about":[{"href":"https:\/\/tavapy.gov.py\/biblioteca\/wp-json\/wp\/v2\/types\/product"}],"replies":[{"embeddable":true,"href":"https:\/\/tavapy.gov.py\/biblioteca\/wp-json\/wp\/v2\/comments?post=3517"}],"wp:featuredmedia":[{"embeddable":true,"href":"https:\/\/tavapy.gov.py\/biblioteca\/wp-json\/wp\/v2\/media\/3473"}],"wp:attachment":[{"href":"https:\/\/tavapy.gov.py\/biblioteca\/wp-json\/wp\/v2\/media?parent=3517"}],"wp:term":[{"taxonomy":"product_cat","embeddable":true,"href":"https:\/\/tavapy.gov.py\/biblioteca\/wp-json\/wp\/v2\/product_cat?post=3517"},{"taxonomy":"product_tag","embeddable":true,"href":"https:\/\/tavapy.gov.py\/biblioteca\/wp-json\/wp\/v2\/product_tag?post=3517"}],"curies":[{"name":"wp","href":"https:\/\/api.w.org\/{rel}","templated":true}]}}