{"id":3518,"date":"2022-03-29T19:35:45","date_gmt":"2022-03-29T19:35:45","guid":{"rendered":"https:\/\/tavapy.gov.py\/biblioteca\/?post_type=product&#038;p=3518"},"modified":"2022-04-01T14:36:23","modified_gmt":"2022-04-01T14:36:23","slug":"el-hombre-en-busca-de-sentido","status":"publish","type":"product","link":"https:\/\/tavapy.gov.py\/biblioteca\/product\/el-hombre-en-busca-de-sentido\/","title":{"rendered":"EL HOMBRE EN BUSCA DE SENTIDO."},"content":{"rendered":"","protected":false},"excerpt":{"rendered":"<p>El hombre en busca de sentido, obra escrita en 1.946, es el estremecedor relato en el que Viktor Frankl nos narra su experiencia en los campos de concentraci\u00f3n.<\/p>\n<p>Durante todos esos a\u00f1os de sufrimiento, sinti\u00f3 en su propio ser lo que significaba una existencia desnuda, absolutamente desprovista de todo, salvo de la existencia misma. \u00c9l, que todo lo hab\u00eda perdido, que padeci\u00f3 hambre, fr\u00edo y brutalidades, que tantas veces estuvo a punto de ser ejecutado, pudo reconocer que, pese a todo, la vida es digna de ser vivida y que la libertad interior y la dignidad humana son indestructibles.<\/p>\n<p>En su condici\u00f3n de psiquiatra y prisionero, Frankl reflexiona con palabras de sorprendente esperanza sobre la capacidad humana de trascender las dificultades y descubrir una verdad profunda que nos orienta y da sentido a nuestras vidas.<\/p>\n<p>El hombre en busca de sentido es mucho m\u00e1s que el testimonio de un psiquiatra sobre los hechos y los acontecimientos vividos en un campo de concentraci\u00f3n, es una lecci\u00f3n existencial. Traducido a medio centenar de idiomas, se han vendido millones de ejemplares en todo el mundo. Seg\u00fan la Library of Congress de Washington, es uno de los diez libros de mayor influencia en Estados Unidos.<\/p>\n<p><a href=\"https:\/\/tavapy.gov.py\/biblioteca\/wp-content\/uploads\/2022\/03\/FRANKL-V-El-hombre-en-busca-de-sentido.pdf\" target=\"_blank\" rel=\"attachment noopener wp-att-3564\"><img loading=\"lazy\" decoding=\"async\" class=\"size-full wp-image-3564 alignleft\" src=\"https:\/\/tavapy.gov.py\/biblioteca\/wp-content\/uploads\/2022\/03\/icono-PDF-copia-5.png\" alt=\"\" width=\"121\" height=\"140\" \/><\/a><\/p>\n","protected":false},"featured_media":3471,"comment_status":"open","ping_status":"closed","template":"","meta":{"spay_email":""},"product_cat":[95],"product_tag":[],"class_list":{"0":"post-3518","1":"product","2":"type-product","3":"status-publish","4":"has-post-thumbnail","6":"book_author-viktor-frankl","7":"product_cat-ensayo","8":"entry"},"_links":{"self":[{"href":"https:\/\/tavapy.gov.py\/biblioteca\/wp-json\/wp\/v2\/product\/3518","targetHints":{"allow":["GET"]}}],"collection":[{"href":"https:\/\/tavapy.gov.py\/biblioteca\/wp-json\/wp\/v2\/product"}],"about":[{"href":"https:\/\/tavapy.gov.py\/biblioteca\/wp-json\/wp\/v2\/types\/product"}],"replies":[{"embeddable":true,"href":"https:\/\/tavapy.gov.py\/biblioteca\/wp-json\/wp\/v2\/comments?post=3518"}],"wp:featuredmedia":[{"embeddable":true,"href":"https:\/\/tavapy.gov.py\/biblioteca\/wp-json\/wp\/v2\/media\/3471"}],"wp:attachment":[{"href":"https:\/\/tavapy.gov.py\/biblioteca\/wp-json\/wp\/v2\/media?parent=3518"}],"wp:term":[{"taxonomy":"product_cat","embeddable":true,"href":"https:\/\/tavapy.gov.py\/biblioteca\/wp-json\/wp\/v2\/product_cat?post=3518"},{"taxonomy":"product_tag","embeddable":true,"href":"https:\/\/tavapy.gov.py\/biblioteca\/wp-json\/wp\/v2\/product_tag?post=3518"}],"curies":[{"name":"wp","href":"https:\/\/api.w.org\/{rel}","templated":true}]}}