{"id":3519,"date":"2022-03-29T19:38:38","date_gmt":"2022-03-29T19:38:38","guid":{"rendered":"https:\/\/tavapy.gov.py\/biblioteca\/?post_type=product&#038;p=3519"},"modified":"2022-04-01T14:32:44","modified_gmt":"2022-04-01T14:32:44","slug":"vita-brevis","status":"publish","type":"product","link":"https:\/\/tavapy.gov.py\/biblioteca\/product\/vita-brevis\/","title":{"rendered":"VITA BREVIS."},"content":{"rendered":"","protected":false},"excerpt":{"rendered":"<p>Se sabe, aunque la Iglesia siempre ha pasado de puntillas sobre este hecho, que San Agust\u00edn, m\u00e1s tarde Padre de la Iglesia latina, tuvo en su juventud una amante que le dio un hijo al que am\u00f3 con predilecci\u00f3n.<\/p>\n<p>Vita brevis (1.996) es la carta manuscrita que supuestamente Floria, su amante, le escribi\u00f3 al hilo de la lectura de sus Confesiones.<\/p>\n<p>En ella, con iron\u00eda y sarcasmo, critica a Agust\u00edn por haber abandonado el verdadero y aut\u00e9ntico amor humano para entregarse a uno divino, del que poco se sabe.<\/p>\n<p><a href=\"https:\/\/tavapy.gov.py\/biblioteca\/wp-content\/uploads\/2022\/03\/GaarderJ-Vita-Brevis.pdf\" target=\"_blank\" rel=\"attachment noopener wp-att-3564\"><img loading=\"lazy\" decoding=\"async\" class=\"size-full wp-image-3564 alignleft\" src=\"https:\/\/tavapy.gov.py\/biblioteca\/wp-content\/uploads\/2022\/03\/icono-PDF-copia-5.png\" alt=\"\" width=\"121\" height=\"140\" \/><\/a><\/p>\n","protected":false},"featured_media":3469,"comment_status":"open","ping_status":"closed","template":"","meta":{"spay_email":""},"product_cat":[57],"product_tag":[],"class_list":{"0":"post-3519","1":"product","2":"type-product","3":"status-publish","4":"has-post-thumbnail","6":"book_author-jostein-gaarder","7":"product_cat-novela","8":"entry"},"_links":{"self":[{"href":"https:\/\/tavapy.gov.py\/biblioteca\/wp-json\/wp\/v2\/product\/3519","targetHints":{"allow":["GET"]}}],"collection":[{"href":"https:\/\/tavapy.gov.py\/biblioteca\/wp-json\/wp\/v2\/product"}],"about":[{"href":"https:\/\/tavapy.gov.py\/biblioteca\/wp-json\/wp\/v2\/types\/product"}],"replies":[{"embeddable":true,"href":"https:\/\/tavapy.gov.py\/biblioteca\/wp-json\/wp\/v2\/comments?post=3519"}],"wp:featuredmedia":[{"embeddable":true,"href":"https:\/\/tavapy.gov.py\/biblioteca\/wp-json\/wp\/v2\/media\/3469"}],"wp:attachment":[{"href":"https:\/\/tavapy.gov.py\/biblioteca\/wp-json\/wp\/v2\/media?parent=3519"}],"wp:term":[{"taxonomy":"product_cat","embeddable":true,"href":"https:\/\/tavapy.gov.py\/biblioteca\/wp-json\/wp\/v2\/product_cat?post=3519"},{"taxonomy":"product_tag","embeddable":true,"href":"https:\/\/tavapy.gov.py\/biblioteca\/wp-json\/wp\/v2\/product_tag?post=3519"}],"curies":[{"name":"wp","href":"https:\/\/api.w.org\/{rel}","templated":true}]}}