{"id":3520,"date":"2022-03-29T19:41:44","date_gmt":"2022-03-29T19:41:44","guid":{"rendered":"https:\/\/tavapy.gov.py\/biblioteca\/?post_type=product&#038;p=3520"},"modified":"2022-04-08T16:25:44","modified_gmt":"2022-04-08T16:25:44","slug":"caos-la-creacion-de-una-ciencia","status":"publish","type":"product","link":"https:\/\/tavapy.gov.py\/biblioteca\/product\/caos-la-creacion-de-una-ciencia\/","title":{"rendered":"CAOS: LA CREACI\u00d3N DE UNA CIENCIA."},"content":{"rendered":"","protected":false},"excerpt":{"rendered":"<p>Esta obra escrita en 1.987, se ha convertido en un cl\u00e1sico de la divulgaci\u00f3n cient\u00edfica.<\/p>\n<p>En los a\u00f1os ochenta f\u00edsicos, bi\u00f3logos, astr\u00f3nomos y economistas crearon un modo de comprender la complejidad en la naturaleza. La nueva ciencia, llamada caos, ofrece un m\u00e9todo para ver orden donde antes s\u00f3lo se observaba azar e irregularidad, traspasando las disciplinas cient\u00edficas tradicionales y enlazando especies inconexas de desorden, desde la turbulencia del tiempo atmosf\u00e9rico a los complicados ritmos del coraz\u00f3n humano, desde el dise\u00f1o de los copos de nieve a los torbellinos arenosos del desierto.<\/p>\n<p>A pesar de surgir de una ardua actividad matem\u00e1tica, el caos es un saber del mundo cotidiano: c\u00f3mo se forman las nubes, por qu\u00e9 se eleva el humo o cu\u00e1l es la raz\u00f3n de que el agua se arremoline en los r\u00edos.<\/p>\n<p>Caos &#8211; ya un cl\u00e1sico de la divulgaci\u00f3n cient\u00edfica- es el relato de una idea que espant\u00f3 y embruj\u00f3 a los cient\u00edficos que se dedicaron a comprobarla. Acabada la lectura de Caos, no se ve el mundo con los mismos ojos.<\/p>\n<p><a href=\"https:\/\/tavapy.gov.py\/biblioteca\/wp-content\/uploads\/2022\/03\/GleickJ-Caos.La-creacion-de-una-ciencia-1.pdf\" target=\"_blank\" rel=\"attachment noopener wp-att-3564\"><img loading=\"lazy\" decoding=\"async\" class=\"size-full wp-image-3564 alignleft\" src=\"https:\/\/tavapy.gov.py\/biblioteca\/wp-content\/uploads\/2022\/03\/icono-PDF-copia-5.png\" alt=\"\" width=\"121\" height=\"140\" \/><\/a><\/p>\n","protected":false},"featured_media":3467,"comment_status":"open","ping_status":"closed","template":"","meta":{"spay_email":""},"product_cat":[227],"product_tag":[],"class_list":{"0":"post-3520","1":"product","2":"type-product","3":"status-publish","4":"has-post-thumbnail","6":"book_author-james-gleick","7":"product_cat-ciencia-divulgacion-cientifica","8":"entry"},"_links":{"self":[{"href":"https:\/\/tavapy.gov.py\/biblioteca\/wp-json\/wp\/v2\/product\/3520","targetHints":{"allow":["GET"]}}],"collection":[{"href":"https:\/\/tavapy.gov.py\/biblioteca\/wp-json\/wp\/v2\/product"}],"about":[{"href":"https:\/\/tavapy.gov.py\/biblioteca\/wp-json\/wp\/v2\/types\/product"}],"replies":[{"embeddable":true,"href":"https:\/\/tavapy.gov.py\/biblioteca\/wp-json\/wp\/v2\/comments?post=3520"}],"wp:featuredmedia":[{"embeddable":true,"href":"https:\/\/tavapy.gov.py\/biblioteca\/wp-json\/wp\/v2\/media\/3467"}],"wp:attachment":[{"href":"https:\/\/tavapy.gov.py\/biblioteca\/wp-json\/wp\/v2\/media?parent=3520"}],"wp:term":[{"taxonomy":"product_cat","embeddable":true,"href":"https:\/\/tavapy.gov.py\/biblioteca\/wp-json\/wp\/v2\/product_cat?post=3520"},{"taxonomy":"product_tag","embeddable":true,"href":"https:\/\/tavapy.gov.py\/biblioteca\/wp-json\/wp\/v2\/product_tag?post=3520"}],"curies":[{"name":"wp","href":"https:\/\/api.w.org\/{rel}","templated":true}]}}