{"id":3521,"date":"2022-03-29T19:45:30","date_gmt":"2022-03-29T19:45:30","guid":{"rendered":"https:\/\/tavapy.gov.py\/biblioteca\/?post_type=product&#038;p=3521"},"modified":"2023-10-02T23:16:08","modified_gmt":"2023-10-02T23:16:08","slug":"la-aldea-global","status":"publish","type":"product","link":"https:\/\/tavapy.gov.py\/biblioteca\/product\/la-aldea-global\/","title":{"rendered":"LA ALDEA GLOBAL."},"content":{"rendered":"","protected":false},"excerpt":{"rendered":"<p>En La Aldea Global, obra escrita en McLuhan y el coautor Bruce R. Powers proponen un marco conceptual detallado en cuyos t\u00e9rminos pueden comprenderse los avances tecnol\u00f3gicos de las dos \u00faltimas teor\u00edas, se encuentra el argumento de que los usuarios de la tecnolog\u00eda est\u00e1n atrapados por dos formas distintas de percibir el mundo.<\/p>\n<p>Por un lado, est\u00e1 lo que ellos llaman Espacio Visual (la forma de percepci\u00f3n lineal, cuantitativa, caracter\u00edstica del mundo occidental); por el otro, el Espacio Ac\u00fastico (el razonamiento hol\u00edstico, cualitativo, de Oriente).<\/p>\n<p>Los autores sostienen que el medio impreso estimula y conserva la percepci\u00f3n del espacio visual; sin embargo, al igual que la televisi\u00f3n, la tecnolog\u00eda de la base de datos, el sat\u00e9lite de comunicaciones y la red global de medios de comunicaci\u00f3n est\u00e1n llevando a sus usuarios hacia una orientaci\u00f3n m\u00e1s din\u00e1mica y \u00abcon muchos n\u00facleos\u00bb del Espacio Ac\u00fastico.<\/p>\n<p><a href=\"https:\/\/tavapy.gov.py\/biblioteca\/wp-content\/uploads\/2022\/03\/McLuhanM-La_aldea_global.pdf\" target=\"_blank\" rel=\"attachment noopener wp-att-3564\"><img loading=\"lazy\" decoding=\"async\" class=\"size-full wp-image-3564 alignleft\" src=\"https:\/\/tavapy.gov.py\/biblioteca\/wp-content\/uploads\/2022\/03\/icono-PDF-copia-5.png\" alt=\"\" width=\"121\" height=\"140\" \/><\/a><\/p>\n","protected":false},"featured_media":3465,"comment_status":"open","ping_status":"closed","template":"","meta":{"spay_email":""},"product_cat":[184],"product_tag":[],"class_list":{"0":"post-3521","1":"product","2":"type-product","3":"status-publish","4":"has-post-thumbnail","6":"book_author-marshall-mcluhan","7":"product_cat-comunicacion","8":"entry"},"_links":{"self":[{"href":"https:\/\/tavapy.gov.py\/biblioteca\/wp-json\/wp\/v2\/product\/3521","targetHints":{"allow":["GET"]}}],"collection":[{"href":"https:\/\/tavapy.gov.py\/biblioteca\/wp-json\/wp\/v2\/product"}],"about":[{"href":"https:\/\/tavapy.gov.py\/biblioteca\/wp-json\/wp\/v2\/types\/product"}],"replies":[{"embeddable":true,"href":"https:\/\/tavapy.gov.py\/biblioteca\/wp-json\/wp\/v2\/comments?post=3521"}],"wp:featuredmedia":[{"embeddable":true,"href":"https:\/\/tavapy.gov.py\/biblioteca\/wp-json\/wp\/v2\/media\/3465"}],"wp:attachment":[{"href":"https:\/\/tavapy.gov.py\/biblioteca\/wp-json\/wp\/v2\/media?parent=3521"}],"wp:term":[{"taxonomy":"product_cat","embeddable":true,"href":"https:\/\/tavapy.gov.py\/biblioteca\/wp-json\/wp\/v2\/product_cat?post=3521"},{"taxonomy":"product_tag","embeddable":true,"href":"https:\/\/tavapy.gov.py\/biblioteca\/wp-json\/wp\/v2\/product_tag?post=3521"}],"curies":[{"name":"wp","href":"https:\/\/api.w.org\/{rel}","templated":true}]}}