{"id":3522,"date":"2022-03-29T19:47:55","date_gmt":"2022-03-29T19:47:55","guid":{"rendered":"https:\/\/tavapy.gov.py\/biblioteca\/?post_type=product&#038;p=3522"},"modified":"2022-04-06T12:11:34","modified_gmt":"2022-04-06T12:11:34","slug":"la-prisionera-de-roma","status":"publish","type":"product","link":"https:\/\/tavapy.gov.py\/biblioteca\/product\/la-prisionera-de-roma\/","title":{"rendered":"LA PRISIONERA DE ROMA."},"content":{"rendered":"","protected":false},"excerpt":{"rendered":"<p>En el a\u00f1o 267 una hermosa joven llamada Zenobia se convirti\u00f3 en soberana de la fabulosa ciudad de Palmira, en el desierto de la provincia romana de Siria. Tras el asesinato de su esposo Odenato, Zenobia hizo de Palmira el centro de un nuevo reino que domin\u00f3 las tierras ubicadas entre el Mediterr\u00e1neo y Mesopotamia.<\/p>\n<p>Durante cinco a\u00f1os su sue\u00f1o imperial fue posible y Zenobia, dotada de una belleza legendaria y de una capacidad de gobierno encomiable, se independiz\u00f3 del Imperio romano, rein\u00f3 sobre Asia occidental, conquist\u00f3 Egipto, fue aclamada como la nueva Cleopatra y mantuvo a raya al Imperio persa.<\/p>\n<p>En el a\u00f1o 272, Aureliano, emperador de Roma, se enfrent\u00f3 al ej\u00e9rcito de Palmira despu\u00e9s de que Zenobia se atreviera a proclamar su independencia del Imperio romano. Derrotada y presa la reina Zenobia y conquistada Palmira, el Imperio romano recuper\u00f3 la gloria de los tiempos de los grandes c\u00e9sares y todav\u00eda sobrevivir\u00eda un par de siglos, a veces inmerso en per\u00edodos de lenta agon\u00eda.<\/p>\n<p>La novela hist\u00f3rica La prisionera de Roma fue escrita en el a\u00f1o 2.011.<\/p>\n<p><a href=\"https:\/\/tavapy.gov.py\/biblioteca\/wp-content\/uploads\/2022\/03\/CorralJ-La-Prisionera-de-Roma-1.pdf\" target=\"_blank\" rel=\"attachment noopener wp-att-3564\"><img loading=\"lazy\" decoding=\"async\" class=\"size-full wp-image-3564 alignleft\" src=\"https:\/\/tavapy.gov.py\/biblioteca\/wp-content\/uploads\/2022\/03\/icono-PDF-copia-5.png\" alt=\"\" width=\"121\" height=\"140\" \/><\/a><\/p>\n","protected":false},"featured_media":3463,"comment_status":"open","ping_status":"closed","template":"","meta":{"spay_email":""},"product_cat":[296],"product_tag":[],"class_list":{"0":"post-3522","1":"product","2":"type-product","3":"status-publish","4":"has-post-thumbnail","6":"book_author-jose-luis-corral","7":"product_cat-novela-historica","8":"entry"},"_links":{"self":[{"href":"https:\/\/tavapy.gov.py\/biblioteca\/wp-json\/wp\/v2\/product\/3522","targetHints":{"allow":["GET"]}}],"collection":[{"href":"https:\/\/tavapy.gov.py\/biblioteca\/wp-json\/wp\/v2\/product"}],"about":[{"href":"https:\/\/tavapy.gov.py\/biblioteca\/wp-json\/wp\/v2\/types\/product"}],"replies":[{"embeddable":true,"href":"https:\/\/tavapy.gov.py\/biblioteca\/wp-json\/wp\/v2\/comments?post=3522"}],"wp:featuredmedia":[{"embeddable":true,"href":"https:\/\/tavapy.gov.py\/biblioteca\/wp-json\/wp\/v2\/media\/3463"}],"wp:attachment":[{"href":"https:\/\/tavapy.gov.py\/biblioteca\/wp-json\/wp\/v2\/media?parent=3522"}],"wp:term":[{"taxonomy":"product_cat","embeddable":true,"href":"https:\/\/tavapy.gov.py\/biblioteca\/wp-json\/wp\/v2\/product_cat?post=3522"},{"taxonomy":"product_tag","embeddable":true,"href":"https:\/\/tavapy.gov.py\/biblioteca\/wp-json\/wp\/v2\/product_tag?post=3522"}],"curies":[{"name":"wp","href":"https:\/\/api.w.org\/{rel}","templated":true}]}}