{"id":3523,"date":"2022-03-29T19:53:49","date_gmt":"2022-03-29T19:53:49","guid":{"rendered":"https:\/\/tavapy.gov.py\/biblioteca\/?post_type=product&#038;p=3523"},"modified":"2022-04-01T14:20:44","modified_gmt":"2022-04-01T14:20:44","slug":"historia-del-tiempo-del-big-bang-a-los-agujeros-negros","status":"publish","type":"product","link":"https:\/\/tavapy.gov.py\/biblioteca\/product\/historia-del-tiempo-del-big-bang-a-los-agujeros-negros\/","title":{"rendered":"HISTORIA DEL TIEMPO. DEL BIG BANG A LOS AGUJEROS NEGROS."},"content":{"rendered":"","protected":false},"excerpt":{"rendered":"<p>Hawking pasa revista a las grandes teor\u00edas cosmol\u00f3gicas desde Arist\u00f3teles hasta nuestros d\u00edas. Tras explicar con gran claridad las aportaciones de Galileo y Newton, nos lleva paso a paso, hasta la teor\u00eda de la relatividad de Einstein y hasta la otra gran teor\u00eda f\u00edsica del siglo XX, la mec\u00e1nica cu\u00e1ntica.<\/p>\n<p>Finalmente explora las posibilidades de combinar ambas teor\u00edas en una sola teor\u00eda unificada completa que nos permita verificar inquietantes reflexiones: \u00bfCu\u00e1l es la naturaleza del tiempo? Al colapsarse un universo en expansi\u00f3n \u00bfviaja el tiempo hacia atr\u00e1s? \u00bfPuede ser el universo un continuum sin principios ni fronteras?<\/p>\n<p>Todo est\u00e1 en este libro m\u00edtico, escrito en el a\u00f1o 1.988 y reconocido por el mundo entero como una aportaci\u00f3n de primer orden al pensamiento cient\u00edfico y a la entera cultura universal, en el que Hawking nos explica, con asombrosa sencillez, las leyes que desvelan la compleja danza geom\u00e9trica creadora del mundo y de la vida.<\/p>\n<p><a href=\"https:\/\/tavapy.gov.py\/biblioteca\/wp-content\/uploads\/2022\/03\/HawkingS-Historia_del_Tiempo.pdf\" target=\"_blank\" rel=\"attachment noopener wp-att-3564\"><img loading=\"lazy\" decoding=\"async\" class=\"size-full wp-image-3564 alignleft\" src=\"https:\/\/tavapy.gov.py\/biblioteca\/wp-content\/uploads\/2022\/03\/icono-PDF-copia-5.png\" alt=\"\" width=\"121\" height=\"140\" \/><\/a><\/p>\n","protected":false},"featured_media":3461,"comment_status":"open","ping_status":"closed","template":"","meta":{"spay_email":""},"product_cat":[188],"product_tag":[],"class_list":{"0":"post-3523","1":"product","2":"type-product","3":"status-publish","4":"has-post-thumbnail","6":"book_author-stephen-hawking","7":"product_cat-ciencia-astronomia-astrofisica","8":"entry"},"_links":{"self":[{"href":"https:\/\/tavapy.gov.py\/biblioteca\/wp-json\/wp\/v2\/product\/3523","targetHints":{"allow":["GET"]}}],"collection":[{"href":"https:\/\/tavapy.gov.py\/biblioteca\/wp-json\/wp\/v2\/product"}],"about":[{"href":"https:\/\/tavapy.gov.py\/biblioteca\/wp-json\/wp\/v2\/types\/product"}],"replies":[{"embeddable":true,"href":"https:\/\/tavapy.gov.py\/biblioteca\/wp-json\/wp\/v2\/comments?post=3523"}],"wp:featuredmedia":[{"embeddable":true,"href":"https:\/\/tavapy.gov.py\/biblioteca\/wp-json\/wp\/v2\/media\/3461"}],"wp:attachment":[{"href":"https:\/\/tavapy.gov.py\/biblioteca\/wp-json\/wp\/v2\/media?parent=3523"}],"wp:term":[{"taxonomy":"product_cat","embeddable":true,"href":"https:\/\/tavapy.gov.py\/biblioteca\/wp-json\/wp\/v2\/product_cat?post=3523"},{"taxonomy":"product_tag","embeddable":true,"href":"https:\/\/tavapy.gov.py\/biblioteca\/wp-json\/wp\/v2\/product_tag?post=3523"}],"curies":[{"name":"wp","href":"https:\/\/api.w.org\/{rel}","templated":true}]}}