{"id":3524,"date":"2022-03-29T19:57:44","date_gmt":"2022-03-29T19:57:44","guid":{"rendered":"https:\/\/tavapy.gov.py\/biblioteca\/?post_type=product&#038;p=3524"},"modified":"2024-08-12T04:07:38","modified_gmt":"2024-08-12T04:07:38","slug":"el-hombre-mediocre","status":"publish","type":"product","link":"https:\/\/tavapy.gov.py\/biblioteca\/product\/el-hombre-mediocre\/","title":{"rendered":"EL HOMBRE MEDIOCRE."},"content":{"rendered":"","protected":false},"excerpt":{"rendered":"<p>El hombre mediocre (1913), ensayo del soci\u00f3logo y m\u00e9dico \u00edtalo-argentino Jos\u00e9 Ingenieros, aborda la naturaleza del hombre, oponiendo dos tipos de personalidades: la del hombre mediocre y la del idealista.<\/p>\n<p>El autor analiza las caracter\u00edsticas morales del hombre y las formas y papeles que estos tipos han adoptado en la historia, la sociedad y la cultura.<\/p>\n<p>En este interesante libro, Ingenieros dice que no hay hombres iguales, define al hombre inferior, el hombre mediocre y el hombre superior; pero no arremete contra los dos primeros, sino que describe a los tres y exalta al idealista como su modelo de hombre.<\/p>\n<p><a href=\"https:\/\/tavapy.gov.py\/biblioteca\/wp-content\/uploads\/2022\/03\/Ingenieros-J-El-hombre-mediocre.pdf\" target=\"_blank\" rel=\"attachment noopener wp-att-3564\"><img loading=\"lazy\" decoding=\"async\" class=\"size-full wp-image-3564 alignleft\" src=\"https:\/\/tavapy.gov.py\/biblioteca\/wp-content\/uploads\/2022\/03\/icono-PDF-copia-5.png\" alt=\"\" width=\"121\" height=\"140\" \/><\/a><\/p>\n","protected":false},"featured_media":3459,"comment_status":"open","ping_status":"closed","template":"","meta":{"spay_email":""},"product_cat":[95],"product_tag":[],"class_list":{"0":"post-3524","1":"product","2":"type-product","3":"status-publish","4":"has-post-thumbnail","6":"book_author-jose-ingenieros","7":"product_cat-ensayo","8":"entry"},"_links":{"self":[{"href":"https:\/\/tavapy.gov.py\/biblioteca\/wp-json\/wp\/v2\/product\/3524","targetHints":{"allow":["GET"]}}],"collection":[{"href":"https:\/\/tavapy.gov.py\/biblioteca\/wp-json\/wp\/v2\/product"}],"about":[{"href":"https:\/\/tavapy.gov.py\/biblioteca\/wp-json\/wp\/v2\/types\/product"}],"replies":[{"embeddable":true,"href":"https:\/\/tavapy.gov.py\/biblioteca\/wp-json\/wp\/v2\/comments?post=3524"}],"wp:featuredmedia":[{"embeddable":true,"href":"https:\/\/tavapy.gov.py\/biblioteca\/wp-json\/wp\/v2\/media\/3459"}],"wp:attachment":[{"href":"https:\/\/tavapy.gov.py\/biblioteca\/wp-json\/wp\/v2\/media?parent=3524"}],"wp:term":[{"taxonomy":"product_cat","embeddable":true,"href":"https:\/\/tavapy.gov.py\/biblioteca\/wp-json\/wp\/v2\/product_cat?post=3524"},{"taxonomy":"product_tag","embeddable":true,"href":"https:\/\/tavapy.gov.py\/biblioteca\/wp-json\/wp\/v2\/product_tag?post=3524"}],"curies":[{"name":"wp","href":"https:\/\/api.w.org\/{rel}","templated":true}]}}