{"id":3525,"date":"2022-03-29T20:00:04","date_gmt":"2022-03-29T20:00:04","guid":{"rendered":"https:\/\/tavapy.gov.py\/biblioteca\/?post_type=product&#038;p=3525"},"modified":"2022-04-07T00:40:43","modified_gmt":"2022-04-07T00:40:43","slug":"el-general-en-su-laberinto","status":"publish","type":"product","link":"https:\/\/tavapy.gov.py\/biblioteca\/product\/el-general-en-su-laberinto\/","title":{"rendered":"EL GENERAL EN SU LABERINTO."},"content":{"rendered":"","protected":false},"excerpt":{"rendered":"<p>Aclamado por el pueblo como Libertador, blanco de numerosas conjuras pol\u00edticas y militares, heroe rom\u00e1ntico y hasta libertino para sus detractores y sus partidarios, idealista \u00edntegro y abandonado que contempla las ruinas de su sue\u00f1o de unidad de los pueblos americanos, tras la independencia del dominio espa\u00f1ol Sim\u00f3n Bol\u00edvar emprende -enfermo, con un menguado sequito- el que ser\u00e1 su viaje final.<\/p>\n<p>Parte desde Bogot\u00e1 para seguir el curso del r\u00edo Magdalena. Su viaje ser\u00e1 el \u00faltimo en un doble sentido: le proporciona oportunidades para considerar los pasos que ha dado en su agitada vida y, al tiempo, la gravedad de sus dolencias apresta en varios meses su encuentro con la muerte.<\/p>\n<p>El pulso magistral de Gabriel Garc\u00eda M\u00e1rquez refiere hasta en sus detalles m\u00ednimos la inmensa aventura que, impulsada por la voluntad de Bol\u00edvar, transmut\u00f3 el destino de Am\u00e9rica en esta obra escrita en 1.989.<\/p>\n<p><a href=\"https:\/\/tavapy.gov.py\/biblioteca\/wp-content\/uploads\/2022\/03\/Garcia_Marquez-_El_general_en_su_labe.pdf\" target=\"_blank\" rel=\"attachment noopener wp-att-3564\"><img loading=\"lazy\" decoding=\"async\" class=\"size-full wp-image-3564 alignleft\" src=\"https:\/\/tavapy.gov.py\/biblioteca\/wp-content\/uploads\/2022\/03\/icono-PDF-copia-5.png\" alt=\"\" width=\"121\" height=\"140\" \/><\/a><\/p>\n","protected":false},"featured_media":3457,"comment_status":"open","ping_status":"closed","template":"","meta":{"spay_email":""},"product_cat":[296],"product_tag":[],"class_list":{"0":"post-3525","1":"product","2":"type-product","3":"status-publish","4":"has-post-thumbnail","6":"book_author-gabriel-garcia-marquez","7":"product_cat-novela-historica","8":"entry"},"_links":{"self":[{"href":"https:\/\/tavapy.gov.py\/biblioteca\/wp-json\/wp\/v2\/product\/3525","targetHints":{"allow":["GET"]}}],"collection":[{"href":"https:\/\/tavapy.gov.py\/biblioteca\/wp-json\/wp\/v2\/product"}],"about":[{"href":"https:\/\/tavapy.gov.py\/biblioteca\/wp-json\/wp\/v2\/types\/product"}],"replies":[{"embeddable":true,"href":"https:\/\/tavapy.gov.py\/biblioteca\/wp-json\/wp\/v2\/comments?post=3525"}],"wp:featuredmedia":[{"embeddable":true,"href":"https:\/\/tavapy.gov.py\/biblioteca\/wp-json\/wp\/v2\/media\/3457"}],"wp:attachment":[{"href":"https:\/\/tavapy.gov.py\/biblioteca\/wp-json\/wp\/v2\/media?parent=3525"}],"wp:term":[{"taxonomy":"product_cat","embeddable":true,"href":"https:\/\/tavapy.gov.py\/biblioteca\/wp-json\/wp\/v2\/product_cat?post=3525"},{"taxonomy":"product_tag","embeddable":true,"href":"https:\/\/tavapy.gov.py\/biblioteca\/wp-json\/wp\/v2\/product_tag?post=3525"}],"curies":[{"name":"wp","href":"https:\/\/api.w.org\/{rel}","templated":true}]}}