{"id":3528,"date":"2022-03-29T20:03:25","date_gmt":"2022-03-29T20:03:25","guid":{"rendered":"https:\/\/tavapy.gov.py\/biblioteca\/?post_type=product&#038;p=3528"},"modified":"2022-04-01T14:12:47","modified_gmt":"2022-04-01T14:12:47","slug":"la-totalidad-y-el-orden-implicado","status":"publish","type":"product","link":"https:\/\/tavapy.gov.py\/biblioteca\/product\/la-totalidad-y-el-orden-implicado\/","title":{"rendered":"LA TOTALIDAD Y EL ORDEN IMPLICADO."},"content":{"rendered":"","protected":false},"excerpt":{"rendered":"<p>Bohm siempre fue m\u00e1s all\u00e1 de las puras f\u00f3rmulas cient\u00edficas y del caos del universo que supone la cu\u00e1ntica, aportando una visi\u00f3n diferente y personal. Este libro es su gran obra, un compendio de distintos ensayos, que fue escribiendo durante a\u00f1os y a\u00f1os de investigaci\u00f3n en el campo de la mec\u00e1nica cu\u00e1ntica, enriqueci\u00e9ndose con las conversaciones con Krishnamurti, un reconocido fil\u00f3sofo hind\u00fa.<\/p>\n<p>El libro escrito en 1.980, ofrece ideas completamente innovadoras que van m\u00e1s all\u00e1 de la f\u00edsica para comprender qu\u00e9 es la realidad que nos rodea. Pero, \u00bfcu\u00e1l es el orden implicado?<\/p>\n<p>Bohm explica que debajo del orden que nosotros podemos ver en la ciencia como el movimiento de los planetas y las leyes f\u00edsicas, existe lo que \u00e9l denomina \u201cun orden implicado\u201d. Un orden que est\u00e1 contenido en cualquier elemento del universo.<\/p>\n<p>Todos los elementos contienen la totalidad del universo, tanto materia como conciencia. Bohm propone nada menos que un nuevo modelo de realidad, a trav\u00e9s de una interpretaci\u00f3n personal de la f\u00edsica cu\u00e1ntica, el modelo hologr\u00e1fico de K. Pribram y la filosof\u00eda de la conciencia de Krishnamurti.<\/p>\n<p><a href=\"https:\/\/tavapy.gov.py\/biblioteca\/wp-content\/uploads\/2022\/03\/BohmD-La-Totalidad-y-El-Orden-Implicado.pdf\" target=\"_blank\" rel=\"attachment noopener wp-att-3564\"><img loading=\"lazy\" decoding=\"async\" class=\"size-full wp-image-3564 alignleft\" src=\"https:\/\/tavapy.gov.py\/biblioteca\/wp-content\/uploads\/2022\/03\/icono-PDF-copia-5.png\" alt=\"\" width=\"121\" height=\"140\" \/><\/a><\/p>\n","protected":false},"featured_media":3455,"comment_status":"open","ping_status":"closed","template":"","meta":{"spay_email":""},"product_cat":[109],"product_tag":[],"class_list":{"0":"post-3528","1":"product","2":"type-product","3":"status-publish","4":"has-post-thumbnail","6":"book_author-david-bohm","7":"product_cat-fisica-moderna","8":"entry"},"_links":{"self":[{"href":"https:\/\/tavapy.gov.py\/biblioteca\/wp-json\/wp\/v2\/product\/3528","targetHints":{"allow":["GET"]}}],"collection":[{"href":"https:\/\/tavapy.gov.py\/biblioteca\/wp-json\/wp\/v2\/product"}],"about":[{"href":"https:\/\/tavapy.gov.py\/biblioteca\/wp-json\/wp\/v2\/types\/product"}],"replies":[{"embeddable":true,"href":"https:\/\/tavapy.gov.py\/biblioteca\/wp-json\/wp\/v2\/comments?post=3528"}],"wp:featuredmedia":[{"embeddable":true,"href":"https:\/\/tavapy.gov.py\/biblioteca\/wp-json\/wp\/v2\/media\/3455"}],"wp:attachment":[{"href":"https:\/\/tavapy.gov.py\/biblioteca\/wp-json\/wp\/v2\/media?parent=3528"}],"wp:term":[{"taxonomy":"product_cat","embeddable":true,"href":"https:\/\/tavapy.gov.py\/biblioteca\/wp-json\/wp\/v2\/product_cat?post=3528"},{"taxonomy":"product_tag","embeddable":true,"href":"https:\/\/tavapy.gov.py\/biblioteca\/wp-json\/wp\/v2\/product_tag?post=3528"}],"curies":[{"name":"wp","href":"https:\/\/api.w.org\/{rel}","templated":true}]}}