{"id":3531,"date":"2022-03-29T20:10:24","date_gmt":"2022-03-29T20:10:24","guid":{"rendered":"https:\/\/tavapy.gov.py\/biblioteca\/?post_type=product&#038;p=3531"},"modified":"2022-04-06T03:53:43","modified_gmt":"2022-04-06T03:53:43","slug":"del-norte-a-jerusalen-trilogia-de-las-cruzadas-i","status":"publish","type":"product","link":"https:\/\/tavapy.gov.py\/biblioteca\/product\/del-norte-a-jerusalen-trilogia-de-las-cruzadas-i\/","title":{"rendered":"TRILOG\u00cdA DE LAS CRUZADAS I: DEL NORTE A JERUSAL\u00c9N."},"content":{"rendered":"","protected":false},"excerpt":{"rendered":"<p>Esta obra escrita en 1.998 es una novela hist\u00f3rica e inicia de la siguiente forma:<\/p>\n<p>Mediados del siglo XII. G\u00f6taland occidental, norte de Europa. Arn Magnusson, hijo de una noble familia emparentada con los linajes reales noruegos y suecos, es enviado al monasterio de Varnhem, donde recibe la mejor educaci\u00f3n espiritual y terrenal de su \u00e9poca por parte de los monjes cistercienses.<\/p>\n<p>Aprende tambi\u00e9n a manejar el arco y la espada, ya que los religiosos han comprendido que su destino probablemente no sea el de convertirse en hermano del monasterio, sino que ser\u00e1 de mayor utilidad como soldado de Cristo y defensor de la fe en Tierra Santa.<\/p>\n<p>A los diecisiete a\u00f1os, Arn regresa a su hogar y se ve envuelto en las intrigas de los pretendientes al trono de una Suecia destrozada por las luchas por el poder. Y cuando Arn conoce a la dulce Cecilia, se da cuenta de que este nuevo y peligroso mundo esconde otras sorpresas.<\/p>\n<p>Antes incluso de que pueda pedir su mano, el joven comete un terrible error que separar\u00e1 a la pareja y que le llevar\u00e1 a una guerra extranjera, en Tierra Santa, para combatir contra los infieles durante veinte a\u00f1os\u2026 Desde las heladas tierras del norte de Europa hasta los sangrientos campos de batalla de Oriente Medio, Arn se enfrentar\u00e1 a feroces caballeros, a poderosas reinas y a reyes traidores.<\/p>\n<p><a href=\"https:\/\/tavapy.gov.py\/biblioteca\/wp-content\/uploads\/2022\/03\/GuillouJ-Del-Norte-a-Jerusalen-1.pdf\" target=\"_blank\" rel=\"attachment noopener wp-att-3564\"><img loading=\"lazy\" decoding=\"async\" class=\"size-full wp-image-3564 alignleft\" src=\"https:\/\/tavapy.gov.py\/biblioteca\/wp-content\/uploads\/2022\/03\/icono-PDF-copia-5.png\" alt=\"\" width=\"121\" height=\"140\" \/><\/a><\/p>\n","protected":false},"featured_media":3451,"comment_status":"open","ping_status":"closed","template":"","meta":{"spay_email":""},"product_cat":[296],"product_tag":[],"class_list":{"0":"post-3531","1":"product","2":"type-product","3":"status-publish","4":"has-post-thumbnail","6":"book_author-jan-guillou","7":"product_cat-novela-historica","8":"entry"},"_links":{"self":[{"href":"https:\/\/tavapy.gov.py\/biblioteca\/wp-json\/wp\/v2\/product\/3531","targetHints":{"allow":["GET"]}}],"collection":[{"href":"https:\/\/tavapy.gov.py\/biblioteca\/wp-json\/wp\/v2\/product"}],"about":[{"href":"https:\/\/tavapy.gov.py\/biblioteca\/wp-json\/wp\/v2\/types\/product"}],"replies":[{"embeddable":true,"href":"https:\/\/tavapy.gov.py\/biblioteca\/wp-json\/wp\/v2\/comments?post=3531"}],"wp:featuredmedia":[{"embeddable":true,"href":"https:\/\/tavapy.gov.py\/biblioteca\/wp-json\/wp\/v2\/media\/3451"}],"wp:attachment":[{"href":"https:\/\/tavapy.gov.py\/biblioteca\/wp-json\/wp\/v2\/media?parent=3531"}],"wp:term":[{"taxonomy":"product_cat","embeddable":true,"href":"https:\/\/tavapy.gov.py\/biblioteca\/wp-json\/wp\/v2\/product_cat?post=3531"},{"taxonomy":"product_tag","embeddable":true,"href":"https:\/\/tavapy.gov.py\/biblioteca\/wp-json\/wp\/v2\/product_tag?post=3531"}],"curies":[{"name":"wp","href":"https:\/\/api.w.org\/{rel}","templated":true}]}}