{"id":3532,"date":"2022-03-29T20:13:26","date_gmt":"2022-03-29T20:13:26","guid":{"rendered":"https:\/\/tavapy.gov.py\/biblioteca\/?post_type=product&#038;p=3532"},"modified":"2022-04-01T14:01:14","modified_gmt":"2022-04-01T14:01:14","slug":"como-hablar-bien-en-publico-e-influir-en-los-hombres-de-negocios","status":"publish","type":"product","link":"https:\/\/tavapy.gov.py\/biblioteca\/product\/como-hablar-bien-en-publico-e-influir-en-los-hombres-de-negocios\/","title":{"rendered":"C\u00d3MO HABLAR BIEN EN P\u00daBLICO E INFLUIR EN LOS HOMBRES DE NEGOCIOS."},"content":{"rendered":"","protected":false},"excerpt":{"rendered":"<p>A menudo directivos y profesionales del mundo empresarial y privado deben comparecer antes grupos de personas para transmitir mensajes importantes, con el objetivo de convencer, motivar, divertir, establecer una imagen favorable o conseguir aclarar determinados aspectos o malentendidos.<\/p>\n<p>Existen pocos momentos m\u00e1s dif\u00edciles en la vida de una persona que cuando \u00e9sta se encuentra ante un auditorio influyente con un mensaje realmente importante que transmitir.<\/p>\n<p>Este libro escrito en 1.926 le ayudar\u00e1 a reconocer las habilidades necesarias para que perfeccione el arte de hablar bien en p\u00fablico.<\/p>\n<p><a href=\"https:\/\/tavapy.gov.py\/biblioteca\/wp-content\/uploads\/2022\/03\/CarnegieD-Como-hablar-bien-en-publico-1.pdf\" target=\"_blank\" rel=\"attachment noopener wp-att-3564\"><img loading=\"lazy\" decoding=\"async\" class=\"size-full wp-image-3564 alignleft\" src=\"https:\/\/tavapy.gov.py\/biblioteca\/wp-content\/uploads\/2022\/03\/icono-PDF-copia-5.png\" alt=\"\" width=\"121\" height=\"140\" \/><\/a><\/p>\n","protected":false},"featured_media":3449,"comment_status":"open","ping_status":"closed","template":"","meta":{"spay_email":""},"product_cat":[194],"product_tag":[],"class_list":{"0":"post-3532","1":"product","2":"type-product","3":"status-publish","4":"has-post-thumbnail","6":"book_author-dale-carnegie","7":"product_cat-comunicacion-oratoria","8":"entry"},"_links":{"self":[{"href":"https:\/\/tavapy.gov.py\/biblioteca\/wp-json\/wp\/v2\/product\/3532","targetHints":{"allow":["GET"]}}],"collection":[{"href":"https:\/\/tavapy.gov.py\/biblioteca\/wp-json\/wp\/v2\/product"}],"about":[{"href":"https:\/\/tavapy.gov.py\/biblioteca\/wp-json\/wp\/v2\/types\/product"}],"replies":[{"embeddable":true,"href":"https:\/\/tavapy.gov.py\/biblioteca\/wp-json\/wp\/v2\/comments?post=3532"}],"wp:featuredmedia":[{"embeddable":true,"href":"https:\/\/tavapy.gov.py\/biblioteca\/wp-json\/wp\/v2\/media\/3449"}],"wp:attachment":[{"href":"https:\/\/tavapy.gov.py\/biblioteca\/wp-json\/wp\/v2\/media?parent=3532"}],"wp:term":[{"taxonomy":"product_cat","embeddable":true,"href":"https:\/\/tavapy.gov.py\/biblioteca\/wp-json\/wp\/v2\/product_cat?post=3532"},{"taxonomy":"product_tag","embeddable":true,"href":"https:\/\/tavapy.gov.py\/biblioteca\/wp-json\/wp\/v2\/product_tag?post=3532"}],"curies":[{"name":"wp","href":"https:\/\/api.w.org\/{rel}","templated":true}]}}