{"id":3533,"date":"2022-03-29T20:16:39","date_gmt":"2022-03-29T20:16:39","guid":{"rendered":"https:\/\/tavapy.gov.py\/biblioteca\/?post_type=product&#038;p=3533"},"modified":"2022-04-01T13:50:58","modified_gmt":"2022-04-01T13:50:58","slug":"el-desarrollo-de-los-procesos-psicologicos-superiores","status":"publish","type":"product","link":"https:\/\/tavapy.gov.py\/biblioteca\/product\/el-desarrollo-de-los-procesos-psicologicos-superiores\/","title":{"rendered":"EL DESARROLLO DE LOS PROCESOS PSICOL\u00d3GICOS SUPERIORES."},"content":{"rendered":"","protected":false},"excerpt":{"rendered":"<p>En este libro escrito en 1.978, el gran psic\u00f3logo ruso Lev Vygotski estudia el desarrollo de la percepci\u00f3n, la atenci\u00f3n, la memoria, el lenguaje y el juego, y analiza su influencia en la educaci\u00f3n de los ni\u00f1os.<\/p>\n<p>El resultado es un texto de extraordinaria utilidad pedag\u00f3gica que se ha convertido en una obra cl\u00e1sica, todav\u00eda no superada, del pensamiento psicol\u00f3gico moderno.<\/p>\n<p><a href=\"https:\/\/tavapy.gov.py\/biblioteca\/wp-content\/uploads\/2022\/04\/VygotskyL-El-desarrollo-de-los-procesos...pdf\" target=\"_blank\" rel=\"attachment noopener wp-att-3564\"><img loading=\"lazy\" decoding=\"async\" class=\"size-full wp-image-3564 alignleft\" src=\"https:\/\/tavapy.gov.py\/biblioteca\/wp-content\/uploads\/2022\/03\/icono-PDF-copia-5.png\" alt=\"\" width=\"121\" height=\"140\" \/><\/a><\/p>\n","protected":false},"featured_media":3447,"comment_status":"open","ping_status":"closed","template":"","meta":{"spay_email":""},"product_cat":[196],"product_tag":[],"class_list":{"0":"post-3533","1":"product","2":"type-product","3":"status-publish","4":"has-post-thumbnail","6":"book_author-lev-vygotsky","7":"product_cat-psicologia-educacion","8":"entry"},"_links":{"self":[{"href":"https:\/\/tavapy.gov.py\/biblioteca\/wp-json\/wp\/v2\/product\/3533","targetHints":{"allow":["GET"]}}],"collection":[{"href":"https:\/\/tavapy.gov.py\/biblioteca\/wp-json\/wp\/v2\/product"}],"about":[{"href":"https:\/\/tavapy.gov.py\/biblioteca\/wp-json\/wp\/v2\/types\/product"}],"replies":[{"embeddable":true,"href":"https:\/\/tavapy.gov.py\/biblioteca\/wp-json\/wp\/v2\/comments?post=3533"}],"wp:featuredmedia":[{"embeddable":true,"href":"https:\/\/tavapy.gov.py\/biblioteca\/wp-json\/wp\/v2\/media\/3447"}],"wp:attachment":[{"href":"https:\/\/tavapy.gov.py\/biblioteca\/wp-json\/wp\/v2\/media?parent=3533"}],"wp:term":[{"taxonomy":"product_cat","embeddable":true,"href":"https:\/\/tavapy.gov.py\/biblioteca\/wp-json\/wp\/v2\/product_cat?post=3533"},{"taxonomy":"product_tag","embeddable":true,"href":"https:\/\/tavapy.gov.py\/biblioteca\/wp-json\/wp\/v2\/product_tag?post=3533"}],"curies":[{"name":"wp","href":"https:\/\/api.w.org\/{rel}","templated":true}]}}