{"id":3534,"date":"2022-03-29T20:25:54","date_gmt":"2022-03-29T20:25:54","guid":{"rendered":"https:\/\/tavapy.gov.py\/biblioteca\/?post_type=product&#038;p=3534"},"modified":"2022-04-01T13:37:38","modified_gmt":"2022-04-01T13:37:38","slug":"desarrolle-su-cerebro-la-ciencia-de-cambiar-tu-mente","status":"publish","type":"product","link":"https:\/\/tavapy.gov.py\/biblioteca\/product\/desarrolle-su-cerebro-la-ciencia-de-cambiar-tu-mente\/","title":{"rendered":"DESARROLLE SU CEREBRO. LA CIENCIA DE CAMBIAR TU MENTE."},"content":{"rendered":"","protected":false},"excerpt":{"rendered":"<p>Joe Dispenza lleva d\u00e9cadas estudiando la mente humana: c\u00f3mo trabaja, c\u00f3mo procesa la informaci\u00f3n y por qu\u00e9 repite los mismos patrones de conducta durante generaciones. En \u00bf\u00a1Y t\u00fa qu\u00e9 sabes!? -publicado con gran \u00e9xito por esta editorial- ya introdujo c\u00f3mo funciona el cerebro, c\u00f3mo aprende nuevas herramientas, c\u00f3mo logra enfocar el pensamiento en mitad del caos y c\u00f3mo puede lograr la salud f\u00edsica y mental.<\/p>\n<p>En Desarrolla tu cerebro, obra escrita en el 2.007, expone esta informaci\u00f3n en profundidad para ayudarnos a tomar el control de nuestra mente. Nos explica c\u00f3mo los pensamientos provocan reacciones qu\u00edmicas que nos llevan a la adicci\u00f3n de comportamientos y sensaciones -incluidos los que causan infelicidad-.<\/p>\n<p>Cuando aprendemos c\u00f3mo son creados estos malos h\u00e1bitos, no s\u00f3lo podemos romperlos, sino tambi\u00e9n reprogramar y desarrollar nuestro cerebro para que aparezcan en nuestra vida comportamientos nuevos y creativos.<\/p>\n<p><a href=\"https:\/\/tavapy.gov.py\/biblioteca\/wp-content\/uploads\/2022\/03\/DispenzaJ-Desarrolle-su-cerebro-1-1.pdf\" target=\"_blank\" rel=\"attachment noopener wp-att-3564\"><img loading=\"lazy\" decoding=\"async\" class=\"size-full wp-image-3564 alignleft\" src=\"https:\/\/tavapy.gov.py\/biblioteca\/wp-content\/uploads\/2022\/03\/icono-PDF-copia-5.png\" alt=\"\" width=\"121\" height=\"140\" \/><\/a><\/p>\n<p>&nbsp;<\/p>\n","protected":false},"featured_media":3445,"comment_status":"open","ping_status":"closed","template":"","meta":{"spay_email":""},"product_cat":[197],"product_tag":[],"class_list":{"0":"post-3534","1":"product","2":"type-product","3":"status-publish","4":"has-post-thumbnail","6":"book_author-joe-dispenza","7":"product_cat-autoayuda-neurociencia","8":"entry"},"_links":{"self":[{"href":"https:\/\/tavapy.gov.py\/biblioteca\/wp-json\/wp\/v2\/product\/3534","targetHints":{"allow":["GET"]}}],"collection":[{"href":"https:\/\/tavapy.gov.py\/biblioteca\/wp-json\/wp\/v2\/product"}],"about":[{"href":"https:\/\/tavapy.gov.py\/biblioteca\/wp-json\/wp\/v2\/types\/product"}],"replies":[{"embeddable":true,"href":"https:\/\/tavapy.gov.py\/biblioteca\/wp-json\/wp\/v2\/comments?post=3534"}],"wp:featuredmedia":[{"embeddable":true,"href":"https:\/\/tavapy.gov.py\/biblioteca\/wp-json\/wp\/v2\/media\/3445"}],"wp:attachment":[{"href":"https:\/\/tavapy.gov.py\/biblioteca\/wp-json\/wp\/v2\/media?parent=3534"}],"wp:term":[{"taxonomy":"product_cat","embeddable":true,"href":"https:\/\/tavapy.gov.py\/biblioteca\/wp-json\/wp\/v2\/product_cat?post=3534"},{"taxonomy":"product_tag","embeddable":true,"href":"https:\/\/tavapy.gov.py\/biblioteca\/wp-json\/wp\/v2\/product_tag?post=3534"}],"curies":[{"name":"wp","href":"https:\/\/api.w.org\/{rel}","templated":true}]}}