{"id":3588,"date":"2022-03-30T22:22:19","date_gmt":"2022-03-30T22:22:19","guid":{"rendered":"https:\/\/tavapy.gov.py\/biblioteca\/?post_type=product&#038;p=3588"},"modified":"2022-04-06T03:52:06","modified_gmt":"2022-04-06T03:52:06","slug":"trilogia-de-las-cruzadas-ii-el-caballero-templario","status":"publish","type":"product","link":"https:\/\/tavapy.gov.py\/biblioteca\/product\/trilogia-de-las-cruzadas-ii-el-caballero-templario\/","title":{"rendered":"TRILOG\u00cdA DE LAS CRUZADAS II:  EL CABALLERO TEMPLARIO."},"content":{"rendered":"","protected":false},"excerpt":{"rendered":"<p>Trilog\u00eda de las Cruzadas (II): El caballero templario es una obra escrita en el a\u00f1o 2.000.<\/p>\n<p>A\u00f1o de gracia de 1177. Arn de Gothia ya es todo un aguerrido veterano entre los cruzados de Tierra Santa. Despu\u00e9s de diez a\u00f1os, ha aprendido a llevarse bien incluso con los seguidores de Mahoma, a los que deber\u00eda combatir.<\/p>\n<p>En su Suecia natal, Cecilia ha dado a luz a su hijo recluida en el convento y sue\u00f1a con el regreso de Arn a casa.<\/p>\n<p><a href=\"https:\/\/tavapy.gov.py\/biblioteca\/wp-content\/uploads\/2022\/03\/GuillouJ-El-caballero-templario-2-1.pdf\" target=\"_blank\" rel=\"attachment noopener wp-att-3564\"><img loading=\"lazy\" decoding=\"async\" class=\"size-full wp-image-3564 alignleft\" src=\"https:\/\/tavapy.gov.py\/biblioteca\/wp-content\/uploads\/2022\/03\/icono-PDF-copia-5.png\" alt=\"\" width=\"121\" height=\"140\" \/><\/a><\/p>\n","protected":false},"featured_media":3587,"comment_status":"open","ping_status":"closed","template":"","meta":{"spay_email":""},"product_cat":[296],"product_tag":[],"class_list":{"0":"post-3588","1":"product","2":"type-product","3":"status-publish","4":"has-post-thumbnail","6":"book_author-jan-guillou","7":"product_cat-novela-historica","8":"entry"},"_links":{"self":[{"href":"https:\/\/tavapy.gov.py\/biblioteca\/wp-json\/wp\/v2\/product\/3588","targetHints":{"allow":["GET"]}}],"collection":[{"href":"https:\/\/tavapy.gov.py\/biblioteca\/wp-json\/wp\/v2\/product"}],"about":[{"href":"https:\/\/tavapy.gov.py\/biblioteca\/wp-json\/wp\/v2\/types\/product"}],"replies":[{"embeddable":true,"href":"https:\/\/tavapy.gov.py\/biblioteca\/wp-json\/wp\/v2\/comments?post=3588"}],"wp:featuredmedia":[{"embeddable":true,"href":"https:\/\/tavapy.gov.py\/biblioteca\/wp-json\/wp\/v2\/media\/3587"}],"wp:attachment":[{"href":"https:\/\/tavapy.gov.py\/biblioteca\/wp-json\/wp\/v2\/media?parent=3588"}],"wp:term":[{"taxonomy":"product_cat","embeddable":true,"href":"https:\/\/tavapy.gov.py\/biblioteca\/wp-json\/wp\/v2\/product_cat?post=3588"},{"taxonomy":"product_tag","embeddable":true,"href":"https:\/\/tavapy.gov.py\/biblioteca\/wp-json\/wp\/v2\/product_tag?post=3588"}],"curies":[{"name":"wp","href":"https:\/\/api.w.org\/{rel}","templated":true}]}}