{"id":3589,"date":"2022-03-30T22:25:20","date_gmt":"2022-03-30T22:25:20","guid":{"rendered":"https:\/\/tavapy.gov.py\/biblioteca\/?post_type=product&#038;p=3589"},"modified":"2022-04-06T03:50:41","modified_gmt":"2022-04-06T03:50:41","slug":"trilogia-de-las-cruzadas-iii-regreso-al-norte","status":"publish","type":"product","link":"https:\/\/tavapy.gov.py\/biblioteca\/product\/trilogia-de-las-cruzadas-iii-regreso-al-norte\/","title":{"rendered":"TRILOG\u00cdA DE LAS CRUZADAS III: REGRESO AL NORTE."},"content":{"rendered":"","protected":false},"excerpt":{"rendered":"<p>Trilog\u00eda de las Cruzadas (III): Regreso al norte, obra escrita en el a\u00f1o 2.003.<\/p>\n<p>En el a\u00f1o de gracia de 1192, despu\u00e9s de veinte a\u00f1os de caballero templario, Arn vuelve a G\u00f6taland con grandes proyectos y una enorme fortuna para realizarlos.<\/p>\n<p>Ans\u00eda reencontrarse con su amada Cecilia para formar una familia, y tiene que pensar en una forma de buscar la paz entre los linajes enfrentados.<\/p>\n<p><a href=\"https:\/\/tavapy.gov.py\/biblioteca\/wp-content\/uploads\/2022\/03\/GuillouJ-Regreso-al-Norte-3.pdf\" target=\"_blank\" rel=\"attachment noopener wp-att-3564\"><img loading=\"lazy\" decoding=\"async\" class=\"size-full wp-image-3564 alignleft\" src=\"https:\/\/tavapy.gov.py\/biblioteca\/wp-content\/uploads\/2022\/03\/icono-PDF-copia-5.png\" alt=\"\" width=\"121\" height=\"140\" \/><\/a><\/p>\n<p>&nbsp;<\/p>\n","protected":false},"featured_media":3568,"comment_status":"open","ping_status":"closed","template":"","meta":{"spay_email":""},"product_cat":[296],"product_tag":[],"class_list":{"0":"post-3589","1":"product","2":"type-product","3":"status-publish","4":"has-post-thumbnail","6":"book_author-jan-guillou","7":"product_cat-novela-historica","8":"entry"},"_links":{"self":[{"href":"https:\/\/tavapy.gov.py\/biblioteca\/wp-json\/wp\/v2\/product\/3589","targetHints":{"allow":["GET"]}}],"collection":[{"href":"https:\/\/tavapy.gov.py\/biblioteca\/wp-json\/wp\/v2\/product"}],"about":[{"href":"https:\/\/tavapy.gov.py\/biblioteca\/wp-json\/wp\/v2\/types\/product"}],"replies":[{"embeddable":true,"href":"https:\/\/tavapy.gov.py\/biblioteca\/wp-json\/wp\/v2\/comments?post=3589"}],"wp:featuredmedia":[{"embeddable":true,"href":"https:\/\/tavapy.gov.py\/biblioteca\/wp-json\/wp\/v2\/media\/3568"}],"wp:attachment":[{"href":"https:\/\/tavapy.gov.py\/biblioteca\/wp-json\/wp\/v2\/media?parent=3589"}],"wp:term":[{"taxonomy":"product_cat","embeddable":true,"href":"https:\/\/tavapy.gov.py\/biblioteca\/wp-json\/wp\/v2\/product_cat?post=3589"},{"taxonomy":"product_tag","embeddable":true,"href":"https:\/\/tavapy.gov.py\/biblioteca\/wp-json\/wp\/v2\/product_tag?post=3589"}],"curies":[{"name":"wp","href":"https:\/\/api.w.org\/{rel}","templated":true}]}}