{"id":3590,"date":"2022-03-30T22:29:56","date_gmt":"2022-03-30T22:29:56","guid":{"rendered":"https:\/\/tavapy.gov.py\/biblioteca\/?post_type=product&#038;p=3590"},"modified":"2025-05-22T00:53:28","modified_gmt":"2025-05-22T00:53:28","slug":"harry-potter-y-la-camara-secreta","status":"publish","type":"product","link":"https:\/\/tavapy.gov.py\/biblioteca\/product\/harry-potter-y-la-camara-secreta\/","title":{"rendered":"HARRY POTTER Y LA C\u00c1MARA SECRETA (LIBRO II)."},"content":{"rendered":"","protected":false},"excerpt":{"rendered":"<p>\u00abHay una conspiraci\u00f3n, Harry Potter. Una conspiraci\u00f3n para hacer que este a\u00f1o sucedan las cosas m\u00e1s terribles en el Colegio Hogwarts de Magia y Hechicer\u00eda.\u00bb<\/p>\n<p>El verano de Harry Potter ha incluido el peor cumplea\u00f1os de su vida, las funestas advertencias de un elfo dom\u00e9stico llamado Dobby y el rescate de casa de los Dursley protagonizado por su amigo Ron Weasley al volante de un coche m\u00e1gico volador.<\/p>\n<p>De vuelta en el Colegio Hogwarts de Magia y Hechicer\u00eda, donde va a empezar su segundo curso, Harry oye unos extra\u00f1os susurros que resuenan por los pasillos vac\u00edos. Y entonces empiezan los ataques y varios alumnos aparecen petrificados&#8230; Por lo visto, las siniestras predicciones de Dobby se est\u00e1n cumpliendo&#8230;.<\/p>\n<p>Harry Potter y la C\u00e1mara Secreta es la segunda novela de la saga fant\u00e1stica de J.K. Rowling y \u00a0fue escrita en el a\u00f1o 1.998.<\/p>\n<p><a href=\"https:\/\/tavapy.gov.py\/biblioteca\/wp-content\/uploads\/2022\/03\/RowlingJ-Harry-Potter-y-la-Camara-Secreta-II.pdf\" target=\"_blank\" rel=\"attachment noopener wp-att-3564\"><img loading=\"lazy\" decoding=\"async\" class=\"size-full wp-image-3564 alignleft\" src=\"https:\/\/tavapy.gov.py\/biblioteca\/wp-content\/uploads\/2022\/03\/icono-PDF-copia-5.png\" alt=\"\" width=\"121\" height=\"140\" \/><\/a><\/p>\n","protected":false},"featured_media":3570,"comment_status":"open","ping_status":"closed","template":"","meta":{"spay_email":""},"product_cat":[57],"product_tag":[],"class_list":{"0":"post-3590","1":"product","2":"type-product","3":"status-publish","4":"has-post-thumbnail","6":"book_author-joanne-k-rowling","7":"product_cat-novela","8":"entry"},"_links":{"self":[{"href":"https:\/\/tavapy.gov.py\/biblioteca\/wp-json\/wp\/v2\/product\/3590","targetHints":{"allow":["GET"]}}],"collection":[{"href":"https:\/\/tavapy.gov.py\/biblioteca\/wp-json\/wp\/v2\/product"}],"about":[{"href":"https:\/\/tavapy.gov.py\/biblioteca\/wp-json\/wp\/v2\/types\/product"}],"replies":[{"embeddable":true,"href":"https:\/\/tavapy.gov.py\/biblioteca\/wp-json\/wp\/v2\/comments?post=3590"}],"wp:featuredmedia":[{"embeddable":true,"href":"https:\/\/tavapy.gov.py\/biblioteca\/wp-json\/wp\/v2\/media\/3570"}],"wp:attachment":[{"href":"https:\/\/tavapy.gov.py\/biblioteca\/wp-json\/wp\/v2\/media?parent=3590"}],"wp:term":[{"taxonomy":"product_cat","embeddable":true,"href":"https:\/\/tavapy.gov.py\/biblioteca\/wp-json\/wp\/v2\/product_cat?post=3590"},{"taxonomy":"product_tag","embeddable":true,"href":"https:\/\/tavapy.gov.py\/biblioteca\/wp-json\/wp\/v2\/product_tag?post=3590"}],"curies":[{"name":"wp","href":"https:\/\/api.w.org\/{rel}","templated":true}]}}