{"id":3591,"date":"2022-03-30T22:32:42","date_gmt":"2022-03-30T22:32:42","guid":{"rendered":"https:\/\/tavapy.gov.py\/biblioteca\/?post_type=product&#038;p=3591"},"modified":"2022-10-21T19:01:48","modified_gmt":"2022-10-21T19:01:48","slug":"harry-potter-y-el-prisionero-de-azkaban","status":"publish","type":"product","link":"https:\/\/tavapy.gov.py\/biblioteca\/product\/harry-potter-y-el-prisionero-de-azkaban\/","title":{"rendered":"HARRY POTTER Y EL PRISIONERO DE AZKAB\u00c1N (LIBRO III)."},"content":{"rendered":"","protected":false},"excerpt":{"rendered":"<p>Harry Potter y el prisionero de Azkab\u00e1n es la tercera novela de la ya cl\u00e1sica serie fant\u00e1stica de la autora brit\u00e1nica J.K. Rowling y fue escrita en el a\u00f1o 1.999.<\/p>\n<p>\u00abBienvenido al autob\u00fas noct\u00e1mbulo, transporte de emergencia para el brujo abandonado a su suerte. Levante la varita, suba a bordo y lo llevaremos a donde quiera.\u00bb<\/p>\n<p>Cuando el autob\u00fas noct\u00e1mbulo irrumpe en una calle oscura y frena con fuertes chirridos delante de Harry, comienza para \u00e9l un nuevo curso en Hogwarts, lleno de acontecimientos extraordinarios. Sirius Black, asesino y seguidor de lord Voldemort, se ha fugado, y dicen que va en busca de Harry.<\/p>\n<p>En su primera clase de Adivinaci\u00f3n, la profesora Trelawney ve un augurio de muerte en las hojas de t\u00e9 de la taza de Harry&#8230; Pero quiz\u00e1 lo m\u00e1s aterrador sean los dementores que patrullan por los jardines del colegio, capaces de sorberte el alma con su beso&#8230;<\/p>\n<p><a href=\"https:\/\/tavapy.gov.py\/biblioteca\/wp-content\/uploads\/2022\/03\/RowlingJ-Harry-Potter-y-el-prisionero-de-Azkaban-III.pdf\" target=\"_blank\" rel=\"attachment noopener wp-att-3564\"><img loading=\"lazy\" decoding=\"async\" class=\"size-full wp-image-3564 alignleft\" src=\"https:\/\/tavapy.gov.py\/biblioteca\/wp-content\/uploads\/2022\/03\/icono-PDF-copia-5.png\" alt=\"\" width=\"121\" height=\"140\" \/><\/a><\/p>\n","protected":false},"featured_media":3572,"comment_status":"open","ping_status":"closed","template":"","meta":{"spay_email":""},"product_cat":[57],"product_tag":[],"class_list":{"0":"post-3591","1":"product","2":"type-product","3":"status-publish","4":"has-post-thumbnail","6":"book_author-joanne-k-rowling","7":"product_cat-novela","8":"entry"},"_links":{"self":[{"href":"https:\/\/tavapy.gov.py\/biblioteca\/wp-json\/wp\/v2\/product\/3591","targetHints":{"allow":["GET"]}}],"collection":[{"href":"https:\/\/tavapy.gov.py\/biblioteca\/wp-json\/wp\/v2\/product"}],"about":[{"href":"https:\/\/tavapy.gov.py\/biblioteca\/wp-json\/wp\/v2\/types\/product"}],"replies":[{"embeddable":true,"href":"https:\/\/tavapy.gov.py\/biblioteca\/wp-json\/wp\/v2\/comments?post=3591"}],"wp:featuredmedia":[{"embeddable":true,"href":"https:\/\/tavapy.gov.py\/biblioteca\/wp-json\/wp\/v2\/media\/3572"}],"wp:attachment":[{"href":"https:\/\/tavapy.gov.py\/biblioteca\/wp-json\/wp\/v2\/media?parent=3591"}],"wp:term":[{"taxonomy":"product_cat","embeddable":true,"href":"https:\/\/tavapy.gov.py\/biblioteca\/wp-json\/wp\/v2\/product_cat?post=3591"},{"taxonomy":"product_tag","embeddable":true,"href":"https:\/\/tavapy.gov.py\/biblioteca\/wp-json\/wp\/v2\/product_tag?post=3591"}],"curies":[{"name":"wp","href":"https:\/\/api.w.org\/{rel}","templated":true}]}}