{"id":3594,"date":"2022-03-30T22:38:17","date_gmt":"2022-03-30T22:38:17","guid":{"rendered":"https:\/\/tavapy.gov.py\/biblioteca\/?post_type=product&#038;p=3594"},"modified":"2022-04-01T13:22:56","modified_gmt":"2022-04-01T13:22:56","slug":"harry-potter-y-la-orden-del-fenix","status":"publish","type":"product","link":"https:\/\/tavapy.gov.py\/biblioteca\/product\/harry-potter-y-la-orden-del-fenix\/","title":{"rendered":"HARRY POTTER Y LA ORDEN DEL F\u00c9NIX (LIBRO V)."},"content":{"rendered":"","protected":false},"excerpt":{"rendered":"<p>Harry Potter y la Orden del F\u00e9nix es la quinta entrega de la ya cl\u00e1sica serie de fantas\u00eda de la autora brit\u00e1nica J.K. Rowling y fue escrita en el a\u00f1o 2.003.<\/p>\n<p>\u00abEl director cree que no es conveniente que eso contin\u00fae ocurriendo. Quiere que te ense\u00f1e a cerrar tu mente al Se\u00f1or Tenebroso.\u00bb<\/p>\n<p>Son malos tiempos para Hogwarts. Tras el ataque de los dementores a su primo Dudley, Harry Potter comprende que Voldemort no se detendr\u00e1 ante nada para encontrarlo. Muchos niegan que el Se\u00f1or Tenebroso haya regresado, pero Harry no est\u00e1 solo: una orden secreta se re\u00fane en Grimmauld Place para luchar contra las fuerzas oscuras.<\/p>\n<p>Harry debe permitir que el profesor Snape le ense\u00f1e a protegerse de las brutales incursiones de Voldemort en su mente. Pero \u00e9stas son cada vez m\u00e1s potentes, y a Harry se le est\u00e1 agotando el tiempo&#8230;<\/p>\n<p><a href=\"https:\/\/tavapy.gov.py\/biblioteca\/wp-content\/uploads\/2022\/03\/RowlingJ-Harry-Potter-y-la-Orden-del-Fenix-V.pdf\" target=\"_blank\" rel=\"attachment noopener wp-att-3564\"><img loading=\"lazy\" decoding=\"async\" class=\"size-full wp-image-3564 alignleft\" src=\"https:\/\/tavapy.gov.py\/biblioteca\/wp-content\/uploads\/2022\/03\/icono-PDF-copia-5.png\" alt=\"\" width=\"121\" height=\"140\" \/><\/a><\/p>\n","protected":false},"featured_media":3578,"comment_status":"open","ping_status":"closed","template":"","meta":{"spay_email":""},"product_cat":[57],"product_tag":[],"class_list":{"0":"post-3594","1":"product","2":"type-product","3":"status-publish","4":"has-post-thumbnail","6":"book_author-joanne-k-rowling","7":"product_cat-novela","8":"entry"},"_links":{"self":[{"href":"https:\/\/tavapy.gov.py\/biblioteca\/wp-json\/wp\/v2\/product\/3594","targetHints":{"allow":["GET"]}}],"collection":[{"href":"https:\/\/tavapy.gov.py\/biblioteca\/wp-json\/wp\/v2\/product"}],"about":[{"href":"https:\/\/tavapy.gov.py\/biblioteca\/wp-json\/wp\/v2\/types\/product"}],"replies":[{"embeddable":true,"href":"https:\/\/tavapy.gov.py\/biblioteca\/wp-json\/wp\/v2\/comments?post=3594"}],"wp:featuredmedia":[{"embeddable":true,"href":"https:\/\/tavapy.gov.py\/biblioteca\/wp-json\/wp\/v2\/media\/3578"}],"wp:attachment":[{"href":"https:\/\/tavapy.gov.py\/biblioteca\/wp-json\/wp\/v2\/media?parent=3594"}],"wp:term":[{"taxonomy":"product_cat","embeddable":true,"href":"https:\/\/tavapy.gov.py\/biblioteca\/wp-json\/wp\/v2\/product_cat?post=3594"},{"taxonomy":"product_tag","embeddable":true,"href":"https:\/\/tavapy.gov.py\/biblioteca\/wp-json\/wp\/v2\/product_tag?post=3594"}],"curies":[{"name":"wp","href":"https:\/\/api.w.org\/{rel}","templated":true}]}}