{"id":3595,"date":"2022-03-30T22:40:38","date_gmt":"2022-03-30T22:40:38","guid":{"rendered":"https:\/\/tavapy.gov.py\/biblioteca\/?post_type=product&#038;p=3595"},"modified":"2022-04-01T13:25:11","modified_gmt":"2022-04-01T13:25:11","slug":"harry-potter-y-el-misterio-del-principe","status":"publish","type":"product","link":"https:\/\/tavapy.gov.py\/biblioteca\/product\/harry-potter-y-el-misterio-del-principe\/","title":{"rendered":"HARRY POTTER Y EL MISTERIO DEL PR\u00cdNCIPE (LIBRO VI)."},"content":{"rendered":"","protected":false},"excerpt":{"rendered":"<p>Harry Potter y el misterio del pr\u00edncipe es la sexta novela de la ya cl\u00e1sica serie fant\u00e1stica de la autora brit\u00e1nica J.K. Rowling y fue escrita en el a\u00f1o 2.005.<\/p>\n<p>Con diecis\u00e9is a\u00f1os cumplidos, Harry inicia el sexto curso en Hogwarts en medio de terribles acontecimientos que asolan Inglaterra. Elegido capit\u00e1n del equipo de quidditch, los ensayos, los ex\u00e1menes y las chicas ocupan todo su tiempo, pero la tranquilidad dura poco.<\/p>\n<p>A pesar de los f\u00e9rreos controles de seguridad que protegen la escuela, dos alumnos son brutalmente atacados. Dumbledore sabe que se acerca el momento, anunciado por la Profec\u00eda, en que Harry y Voldemort se enfrentar\u00e1n a muerte: \u00abEl \u00fanico con poder para vencer al Se\u00f1or Tenebroso se acerca&#8230; Uno de los dos debe morir a manos del otro, pues ninguno de los dos podr\u00e1 vivir mientras siga el otro con vida.\u00bb<\/p>\n<p>El anciano director solicitar\u00e1 la ayuda de Harry y juntos emprender\u00e1n peligrosos viajes para intentar debilitar al enemigo, para lo cual el joven mago contar\u00e1 con un viejo libro de pociones perteneciente a un misterioso personaje, alguien que se hace llamar Pr\u00edncipe Mestizo.<\/p>\n<p><a href=\"https:\/\/tavapy.gov.py\/biblioteca\/wp-content\/uploads\/2022\/03\/RowlingJ-Harry-Potter-y-el-misterio-del-principe-VI.pdf\" target=\"_blank\" rel=\"attachment noopener wp-att-3564\"><img loading=\"lazy\" decoding=\"async\" class=\"size-full wp-image-3564 alignleft\" src=\"https:\/\/tavapy.gov.py\/biblioteca\/wp-content\/uploads\/2022\/03\/icono-PDF-copia-5.png\" alt=\"\" width=\"121\" height=\"140\" \/><\/a><\/p>\n","protected":false},"featured_media":3580,"comment_status":"open","ping_status":"closed","template":"","meta":{"spay_email":""},"product_cat":[57],"product_tag":[],"class_list":{"0":"post-3595","1":"product","2":"type-product","3":"status-publish","4":"has-post-thumbnail","6":"book_author-joanne-k-rowling","7":"product_cat-novela","8":"entry"},"_links":{"self":[{"href":"https:\/\/tavapy.gov.py\/biblioteca\/wp-json\/wp\/v2\/product\/3595","targetHints":{"allow":["GET"]}}],"collection":[{"href":"https:\/\/tavapy.gov.py\/biblioteca\/wp-json\/wp\/v2\/product"}],"about":[{"href":"https:\/\/tavapy.gov.py\/biblioteca\/wp-json\/wp\/v2\/types\/product"}],"replies":[{"embeddable":true,"href":"https:\/\/tavapy.gov.py\/biblioteca\/wp-json\/wp\/v2\/comments?post=3595"}],"wp:featuredmedia":[{"embeddable":true,"href":"https:\/\/tavapy.gov.py\/biblioteca\/wp-json\/wp\/v2\/media\/3580"}],"wp:attachment":[{"href":"https:\/\/tavapy.gov.py\/biblioteca\/wp-json\/wp\/v2\/media?parent=3595"}],"wp:term":[{"taxonomy":"product_cat","embeddable":true,"href":"https:\/\/tavapy.gov.py\/biblioteca\/wp-json\/wp\/v2\/product_cat?post=3595"},{"taxonomy":"product_tag","embeddable":true,"href":"https:\/\/tavapy.gov.py\/biblioteca\/wp-json\/wp\/v2\/product_tag?post=3595"}],"curies":[{"name":"wp","href":"https:\/\/api.w.org\/{rel}","templated":true}]}}