{"id":3596,"date":"2022-03-30T22:43:20","date_gmt":"2022-03-30T22:43:20","guid":{"rendered":"https:\/\/tavapy.gov.py\/biblioteca\/?post_type=product&#038;p=3596"},"modified":"2022-04-01T13:26:04","modified_gmt":"2022-04-01T13:26:04","slug":"harry-potter-y-las-reliquias-de-la-muerte","status":"publish","type":"product","link":"https:\/\/tavapy.gov.py\/biblioteca\/product\/harry-potter-y-las-reliquias-de-la-muerte\/","title":{"rendered":"HARRY POTTER Y LAS RELIQUIAS DE LA MUERTE (LIBROVII)."},"content":{"rendered":"","protected":false},"excerpt":{"rendered":"<p>Harry Potter y las reliquias de la muerte es el s\u00e9ptimo y \u00faltimo volumen de la ya cl\u00e1sica serie fant\u00e1stica de la autora brit\u00e1nica J.K. Rowling y fue escrita en el a\u00f1o 2.007.<\/p>\n<p>\u00abEntr\u00e9guenme a Harry Potter -dijo la voz de Voldemort- y nadie sufrir\u00e1 ning\u00fan da\u00f1o. Entr\u00e9guenme a Harry Potter y dejar\u00e9 el colegio intacto. Entr\u00e9guenme a Harry Potter y ser\u00e1n recompensados.\u00bb<\/p>\n<p>Cuando se monta en el sidecar de la moto de Hagrid y se eleva en el cielo, dejando Privet Drive por \u00faltima vez, Harry Potter sabe que lord Voldemort y sus mort\u00edfagos se hallan cerca. El encantamiento protector que hab\u00eda mantenido a salvo a Harry se ha roto, pero \u00e9l no puede seguir escondi\u00e9ndose.<\/p>\n<p>El Se\u00f1or Tenebroso se dedica a aterrorizar a todos los seres queridos de Harry, y, para detenerlo, este habr\u00e1 de encontrar y destruir los horrocruxes que quedan. La batalla definitiva debe comenzar: Harry tendr\u00e1 que alzarse y enfrentarse a su enemigo&#8230;<\/p>\n<p><a href=\"https:\/\/tavapy.gov.py\/biblioteca\/wp-content\/uploads\/2022\/03\/RowlingJ-Harry-Potter-y-las-reliquias...VII_.pdf\" target=\"_blank\" rel=\"attachment noopener wp-att-3564\"><img loading=\"lazy\" decoding=\"async\" class=\"size-full wp-image-3564 alignleft\" src=\"https:\/\/tavapy.gov.py\/biblioteca\/wp-content\/uploads\/2022\/03\/icono-PDF-copia-5.png\" alt=\"\" width=\"121\" height=\"140\" \/><\/a><\/p>\n","protected":false},"featured_media":3582,"comment_status":"open","ping_status":"closed","template":"","meta":{"spay_email":""},"product_cat":[57],"product_tag":[],"class_list":{"0":"post-3596","1":"product","2":"type-product","3":"status-publish","4":"has-post-thumbnail","6":"book_author-joanne-k-rowling","7":"product_cat-novela","8":"entry"},"_links":{"self":[{"href":"https:\/\/tavapy.gov.py\/biblioteca\/wp-json\/wp\/v2\/product\/3596","targetHints":{"allow":["GET"]}}],"collection":[{"href":"https:\/\/tavapy.gov.py\/biblioteca\/wp-json\/wp\/v2\/product"}],"about":[{"href":"https:\/\/tavapy.gov.py\/biblioteca\/wp-json\/wp\/v2\/types\/product"}],"replies":[{"embeddable":true,"href":"https:\/\/tavapy.gov.py\/biblioteca\/wp-json\/wp\/v2\/comments?post=3596"}],"wp:featuredmedia":[{"embeddable":true,"href":"https:\/\/tavapy.gov.py\/biblioteca\/wp-json\/wp\/v2\/media\/3582"}],"wp:attachment":[{"href":"https:\/\/tavapy.gov.py\/biblioteca\/wp-json\/wp\/v2\/media?parent=3596"}],"wp:term":[{"taxonomy":"product_cat","embeddable":true,"href":"https:\/\/tavapy.gov.py\/biblioteca\/wp-json\/wp\/v2\/product_cat?post=3596"},{"taxonomy":"product_tag","embeddable":true,"href":"https:\/\/tavapy.gov.py\/biblioteca\/wp-json\/wp\/v2\/product_tag?post=3596"}],"curies":[{"name":"wp","href":"https:\/\/api.w.org\/{rel}","templated":true}]}}