{"id":3597,"date":"2022-03-30T22:56:03","date_gmt":"2022-03-30T22:56:03","guid":{"rendered":"https:\/\/tavapy.gov.py\/biblioteca\/?post_type=product&#038;p=3597"},"modified":"2022-04-01T03:39:20","modified_gmt":"2022-04-01T03:39:20","slug":"las-venas-abiertas-de-america-latina","status":"publish","type":"product","link":"https:\/\/tavapy.gov.py\/biblioteca\/product\/las-venas-abiertas-de-america-latina\/","title":{"rendered":"LAS VENAS ABIERTAS DE AM\u00c9RICA LATINA."},"content":{"rendered":"","protected":false},"excerpt":{"rendered":"<p>Las venas abiertas de Am\u00e9rica Latina, es un ensayo period\u00edstico del escritor uruguayo Eduardo Galeano, que fue publicado en 1.971 y contiene cr\u00f3nicas y narraciones que dan pruebas del constante saqueo de recursos naturales que sufri\u00f3 el continente latinoamericano a lo largo de su historia a manos de naciones colonialistas, del siglo XV al siglo XIX, e imperialistas, del siglo XX en adelante.<\/p>\n<p>La publicaci\u00f3n del libro (1971) coincide con una \u00e9poca plagada de enfrentamientos sociales, pol\u00edticos e ideol\u00f3gicos en Am\u00e9rica Latina, en el contexto mundial de la Guerra Fr\u00eda. Entonces, Galeano trabajaba como periodista, editando libros, y estaba empleado en el Departamento de Publicaciones de la Universidad de la Rep\u00fablica.<\/p>\n<p>Seg\u00fan Galeano, tard\u00f3 \u00abcuatro a\u00f1os de investigaci\u00f3n y recolecci\u00f3n de la informaci\u00f3n que necesitaba, y unas noventa noches en escribir el libro\u00bb.<\/p>\n<p><a href=\"https:\/\/tavapy.gov.py\/biblioteca\/wp-content\/uploads\/2022\/03\/GaleanoE-Las_venas_abiertas_de_america_latina.pdf\" target=\"_blank\" rel=\"attachment noopener wp-att-3564\"><img loading=\"lazy\" decoding=\"async\" class=\"size-full wp-image-3564 alignleft\" src=\"https:\/\/tavapy.gov.py\/biblioteca\/wp-content\/uploads\/2022\/03\/icono-PDF-copia-5.png\" alt=\"\" width=\"121\" height=\"140\" \/><\/a><\/p>\n","protected":false},"featured_media":3598,"comment_status":"open","ping_status":"closed","template":"","meta":{"spay_email":""},"product_cat":[95],"product_tag":[],"class_list":{"0":"post-3597","1":"product","2":"type-product","3":"status-publish","4":"has-post-thumbnail","6":"book_author-eduardo-galeano","7":"product_cat-ensayo","8":"entry"},"_links":{"self":[{"href":"https:\/\/tavapy.gov.py\/biblioteca\/wp-json\/wp\/v2\/product\/3597","targetHints":{"allow":["GET"]}}],"collection":[{"href":"https:\/\/tavapy.gov.py\/biblioteca\/wp-json\/wp\/v2\/product"}],"about":[{"href":"https:\/\/tavapy.gov.py\/biblioteca\/wp-json\/wp\/v2\/types\/product"}],"replies":[{"embeddable":true,"href":"https:\/\/tavapy.gov.py\/biblioteca\/wp-json\/wp\/v2\/comments?post=3597"}],"wp:featuredmedia":[{"embeddable":true,"href":"https:\/\/tavapy.gov.py\/biblioteca\/wp-json\/wp\/v2\/media\/3598"}],"wp:attachment":[{"href":"https:\/\/tavapy.gov.py\/biblioteca\/wp-json\/wp\/v2\/media?parent=3597"}],"wp:term":[{"taxonomy":"product_cat","embeddable":true,"href":"https:\/\/tavapy.gov.py\/biblioteca\/wp-json\/wp\/v2\/product_cat?post=3597"},{"taxonomy":"product_tag","embeddable":true,"href":"https:\/\/tavapy.gov.py\/biblioteca\/wp-json\/wp\/v2\/product_tag?post=3597"}],"curies":[{"name":"wp","href":"https:\/\/api.w.org\/{rel}","templated":true}]}}