{"id":3602,"date":"2022-03-30T23:05:20","date_gmt":"2022-03-30T23:05:20","guid":{"rendered":"https:\/\/tavapy.gov.py\/biblioteca\/?post_type=product&#038;p=3602"},"modified":"2022-04-01T03:36:37","modified_gmt":"2022-04-01T03:36:37","slug":"el-arte-de-tener-razon","status":"publish","type":"product","link":"https:\/\/tavapy.gov.py\/biblioteca\/product\/el-arte-de-tener-razon\/","title":{"rendered":"EL ARTE DE TENER RAZ\u00d3N."},"content":{"rendered":"","protected":false},"excerpt":{"rendered":"<p>El arte de tener siempre la raz\u00f3n es una reflexi\u00f3n con estrategias que nos ayudar\u00e1n a desarrollar la habilidad de mantener una conversaci\u00f3n con la raz\u00f3n de nuestro lado.<\/p>\n<p>Seg\u00fan Schopenhauer, el hombre, por su naturaleza, quiere tener siempre raz\u00f3n, m\u00e1s all\u00e1 de la verdad o el error que contenga su tesis, y este libro escrito en 1.831\u2014contrariamente a lo que propugna la dial\u00e9ctica socr\u00e1tica\u2014 ense\u00f1a diferentes modos de imponer el propio punto de vista al adversario mediante una dial\u00e9ctica que no busca la verdad objetiva sino el triunfo personal a toda costa.<\/p>\n<p><a href=\"https:\/\/tavapy.gov.py\/biblioteca\/wp-content\/uploads\/2022\/03\/SchopenhauerA-El-arte-de-tener-razon.pdf\" target=\"_blank\" rel=\"attachment noopener wp-att-3564\"><img loading=\"lazy\" decoding=\"async\" class=\"size-full wp-image-3564 alignleft\" src=\"https:\/\/tavapy.gov.py\/biblioteca\/wp-content\/uploads\/2022\/03\/icono-PDF-copia-5.png\" alt=\"\" width=\"121\" height=\"140\" \/><\/a><\/p>\n","protected":false},"featured_media":3584,"comment_status":"open","ping_status":"closed","template":"","meta":{"spay_email":""},"product_cat":[198],"product_tag":[],"class_list":{"0":"post-3602","1":"product","2":"type-product","3":"status-publish","4":"has-post-thumbnail","6":"book_author-arthur-schopenhauer","7":"product_cat-comunicacion-retorica","8":"entry"},"_links":{"self":[{"href":"https:\/\/tavapy.gov.py\/biblioteca\/wp-json\/wp\/v2\/product\/3602","targetHints":{"allow":["GET"]}}],"collection":[{"href":"https:\/\/tavapy.gov.py\/biblioteca\/wp-json\/wp\/v2\/product"}],"about":[{"href":"https:\/\/tavapy.gov.py\/biblioteca\/wp-json\/wp\/v2\/types\/product"}],"replies":[{"embeddable":true,"href":"https:\/\/tavapy.gov.py\/biblioteca\/wp-json\/wp\/v2\/comments?post=3602"}],"wp:featuredmedia":[{"embeddable":true,"href":"https:\/\/tavapy.gov.py\/biblioteca\/wp-json\/wp\/v2\/media\/3584"}],"wp:attachment":[{"href":"https:\/\/tavapy.gov.py\/biblioteca\/wp-json\/wp\/v2\/media?parent=3602"}],"wp:term":[{"taxonomy":"product_cat","embeddable":true,"href":"https:\/\/tavapy.gov.py\/biblioteca\/wp-json\/wp\/v2\/product_cat?post=3602"},{"taxonomy":"product_tag","embeddable":true,"href":"https:\/\/tavapy.gov.py\/biblioteca\/wp-json\/wp\/v2\/product_tag?post=3602"}],"curies":[{"name":"wp","href":"https:\/\/api.w.org\/{rel}","templated":true}]}}