{"id":3603,"date":"2022-03-30T23:08:07","date_gmt":"2022-03-30T23:08:07","guid":{"rendered":"https:\/\/tavapy.gov.py\/biblioteca\/?post_type=product&#038;p=3603"},"modified":"2022-04-01T03:34:10","modified_gmt":"2022-04-01T03:34:10","slug":"el-padrino","status":"publish","type":"product","link":"https:\/\/tavapy.gov.py\/biblioteca\/product\/el-padrino\/","title":{"rendered":"EL PADRINO."},"content":{"rendered":"","protected":false},"excerpt":{"rendered":"<p>Con El Padrino, Mario Puzo consigui\u00f3 crear un g\u00e9nero.<\/p>\n<p>Novela sobre la Mafia, protagonizada por Vito Corleone, que revolucion\u00f3 el mundo literario con su publicaci\u00f3n en 1969.<\/p>\n<p>La publicaci\u00f3n de El Padrino en 1969 convulsion\u00f3 el mundo literario. Por primera vez, la Mafia protagonizaba una novela y era retratada desde dentro. Mario Puzo la presentaba no como una mera asociaci\u00f3n de facinerosos, sino como una compleja sociedad con una cultura propia y una jerarqu\u00eda aceptada incluso m\u00e1s all\u00e1 de los c\u00edrculos de la delincuencia.<\/p>\n<p>El Padrino narra la historia de un hombre, Vito Corleone, el capo m\u00e1s respetado de Nueva York. D\u00e9spota benevolente, implacable con sus rivales, inteligente y fiel a los principios del honor y la amistad. Don Corleone dirige un emporio que abarca el fraude y la extorsi\u00f3n, los juegos de azar y el control de los sindicatos.<\/p>\n<p>La vida y negocios de Don Corleone, as\u00ed como los de su hijo y heredero Michael, conforman el eje de esta magistral obra.<\/p>\n<p><a href=\"https:\/\/tavapy.gov.py\/biblioteca\/wp-content\/uploads\/2022\/03\/PuzoM-El-padrino.pdf\" target=\"_blank\" rel=\"attachment noopener wp-att-3564\"><img loading=\"lazy\" decoding=\"async\" class=\"size-full wp-image-3564 alignleft\" src=\"https:\/\/tavapy.gov.py\/biblioteca\/wp-content\/uploads\/2022\/03\/icono-PDF-copia-5.png\" alt=\"\" width=\"121\" height=\"140\" \/><\/a><\/p>\n","protected":false},"featured_media":3601,"comment_status":"open","ping_status":"closed","template":"","meta":{"spay_email":""},"product_cat":[57],"product_tag":[],"class_list":{"0":"post-3603","1":"product","2":"type-product","3":"status-publish","4":"has-post-thumbnail","6":"book_author-mario-puzo","7":"product_cat-novela","8":"entry"},"_links":{"self":[{"href":"https:\/\/tavapy.gov.py\/biblioteca\/wp-json\/wp\/v2\/product\/3603","targetHints":{"allow":["GET"]}}],"collection":[{"href":"https:\/\/tavapy.gov.py\/biblioteca\/wp-json\/wp\/v2\/product"}],"about":[{"href":"https:\/\/tavapy.gov.py\/biblioteca\/wp-json\/wp\/v2\/types\/product"}],"replies":[{"embeddable":true,"href":"https:\/\/tavapy.gov.py\/biblioteca\/wp-json\/wp\/v2\/comments?post=3603"}],"wp:featuredmedia":[{"embeddable":true,"href":"https:\/\/tavapy.gov.py\/biblioteca\/wp-json\/wp\/v2\/media\/3601"}],"wp:attachment":[{"href":"https:\/\/tavapy.gov.py\/biblioteca\/wp-json\/wp\/v2\/media?parent=3603"}],"wp:term":[{"taxonomy":"product_cat","embeddable":true,"href":"https:\/\/tavapy.gov.py\/biblioteca\/wp-json\/wp\/v2\/product_cat?post=3603"},{"taxonomy":"product_tag","embeddable":true,"href":"https:\/\/tavapy.gov.py\/biblioteca\/wp-json\/wp\/v2\/product_tag?post=3603"}],"curies":[{"name":"wp","href":"https:\/\/api.w.org\/{rel}","templated":true}]}}