{"id":3627,"date":"2022-03-31T03:12:17","date_gmt":"2022-03-31T03:12:17","guid":{"rendered":"https:\/\/tavapy.gov.py\/biblioteca\/?post_type=product&#038;p=3627"},"modified":"2022-04-01T03:31:43","modified_gmt":"2022-04-01T03:31:43","slug":"el-gigante-egoista","status":"publish","type":"product","link":"https:\/\/tavapy.gov.py\/biblioteca\/product\/el-gigante-egoista\/","title":{"rendered":"EL GIGANTE EGO\u00cdSTA."},"content":{"rendered":"","protected":false},"excerpt":{"rendered":"<p>Relato sentimental de lirica belleza, obra de Oscar Wilde escrita 1.888. Los ni\u00f1os del pueblo juegan en el amplio jard\u00edn de la casa de un Gigante. Harto de sus voces y de sus risas, el Gigante, un ser solitario y ego\u00edsta, levanta un muro tan alto que los peque\u00f1os no pueden saltarlo.<\/p>\n<p>Desde ese momento ya no regresa a su jard\u00edn la primavera. Hasta que el Gigante descubre all\u00ed a un ni\u00f1o, paralizado de frio, que ser\u00e1 su salvaci\u00f3n y la vuelta de la vida al jard\u00edn y de la alegr\u00eda a la casa del Gigante.<\/p>\n<p><a href=\"https:\/\/tavapy.gov.py\/biblioteca\/wp-content\/uploads\/2022\/03\/WildeO-El-Gigante-Egoista.pdf\" target=\"_blank\" rel=\"attachment noopener wp-att-3564\"><img loading=\"lazy\" decoding=\"async\" class=\"size-full wp-image-3564 alignleft\" src=\"https:\/\/tavapy.gov.py\/biblioteca\/wp-content\/uploads\/2022\/03\/icono-PDF-copia-5.png\" alt=\"\" width=\"121\" height=\"140\" \/><\/a><\/p>\n","protected":false},"featured_media":3625,"comment_status":"open","ping_status":"closed","template":"","meta":{"spay_email":""},"product_cat":[200],"product_tag":[],"class_list":{"0":"post-3627","1":"product","2":"type-product","3":"status-publish","4":"has-post-thumbnail","6":"book_author-oscar-wilde","7":"product_cat-cuento-infantil","8":"entry"},"_links":{"self":[{"href":"https:\/\/tavapy.gov.py\/biblioteca\/wp-json\/wp\/v2\/product\/3627","targetHints":{"allow":["GET"]}}],"collection":[{"href":"https:\/\/tavapy.gov.py\/biblioteca\/wp-json\/wp\/v2\/product"}],"about":[{"href":"https:\/\/tavapy.gov.py\/biblioteca\/wp-json\/wp\/v2\/types\/product"}],"replies":[{"embeddable":true,"href":"https:\/\/tavapy.gov.py\/biblioteca\/wp-json\/wp\/v2\/comments?post=3627"}],"wp:featuredmedia":[{"embeddable":true,"href":"https:\/\/tavapy.gov.py\/biblioteca\/wp-json\/wp\/v2\/media\/3625"}],"wp:attachment":[{"href":"https:\/\/tavapy.gov.py\/biblioteca\/wp-json\/wp\/v2\/media?parent=3627"}],"wp:term":[{"taxonomy":"product_cat","embeddable":true,"href":"https:\/\/tavapy.gov.py\/biblioteca\/wp-json\/wp\/v2\/product_cat?post=3627"},{"taxonomy":"product_tag","embeddable":true,"href":"https:\/\/tavapy.gov.py\/biblioteca\/wp-json\/wp\/v2\/product_tag?post=3627"}],"curies":[{"name":"wp","href":"https:\/\/api.w.org\/{rel}","templated":true}]}}