{"id":3628,"date":"2022-03-31T03:14:47","date_gmt":"2022-03-31T03:14:47","guid":{"rendered":"https:\/\/tavapy.gov.py\/biblioteca\/?post_type=product&#038;p=3628"},"modified":"2022-04-01T03:29:29","modified_gmt":"2022-04-01T03:29:29","slug":"la-sirenita","status":"publish","type":"product","link":"https:\/\/tavapy.gov.py\/biblioteca\/product\/la-sirenita\/","title":{"rendered":"LA SIRENITA."},"content":{"rendered":"","protected":false},"excerpt":{"rendered":"<p>La Sirenita es uno de los relatos m\u00e1s hermosos de Hans Christian Andersen, en donde nos presenta la historia de una peque\u00f1a sirena que abandona el reino submarino por amor a un pr\u00edncipe. Su deseo por obtener un alma eterna \u2014al igual que los humanos al morir y no desvanecerse en el mar como las sirenas\u2014, la har\u00e1 pasar por dif\u00edciles momentos en su viaje imposible al mundo humano&#8230;<\/p>\n<p>Publicado en 1837, este relato entrelaza dentro de la magia de los cuentos de hadas, bellas lecciones de vida: el amor generoso y desinteresado, los sue\u00f1os y la b\u00fasqueda del alma inmortal.<\/p>\n<p><a href=\"https:\/\/tavapy.gov.py\/biblioteca\/wp-content\/uploads\/2022\/03\/AndersenH-La-Sirenita.pdf\" target=\"_blank\" rel=\"attachment noopener wp-att-3564\"><img loading=\"lazy\" decoding=\"async\" class=\"size-full wp-image-3564 alignleft\" src=\"https:\/\/tavapy.gov.py\/biblioteca\/wp-content\/uploads\/2022\/03\/icono-PDF-copia-5.png\" alt=\"\" width=\"121\" height=\"140\" \/><\/a><\/p>\n","protected":false},"featured_media":3624,"comment_status":"open","ping_status":"closed","template":"","meta":{"spay_email":""},"product_cat":[200],"product_tag":[],"class_list":{"0":"post-3628","1":"product","2":"type-product","3":"status-publish","4":"has-post-thumbnail","6":"book_author-hans-christian-andersen","7":"product_cat-cuento-infantil","8":"entry"},"_links":{"self":[{"href":"https:\/\/tavapy.gov.py\/biblioteca\/wp-json\/wp\/v2\/product\/3628","targetHints":{"allow":["GET"]}}],"collection":[{"href":"https:\/\/tavapy.gov.py\/biblioteca\/wp-json\/wp\/v2\/product"}],"about":[{"href":"https:\/\/tavapy.gov.py\/biblioteca\/wp-json\/wp\/v2\/types\/product"}],"replies":[{"embeddable":true,"href":"https:\/\/tavapy.gov.py\/biblioteca\/wp-json\/wp\/v2\/comments?post=3628"}],"wp:featuredmedia":[{"embeddable":true,"href":"https:\/\/tavapy.gov.py\/biblioteca\/wp-json\/wp\/v2\/media\/3624"}],"wp:attachment":[{"href":"https:\/\/tavapy.gov.py\/biblioteca\/wp-json\/wp\/v2\/media?parent=3628"}],"wp:term":[{"taxonomy":"product_cat","embeddable":true,"href":"https:\/\/tavapy.gov.py\/biblioteca\/wp-json\/wp\/v2\/product_cat?post=3628"},{"taxonomy":"product_tag","embeddable":true,"href":"https:\/\/tavapy.gov.py\/biblioteca\/wp-json\/wp\/v2\/product_tag?post=3628"}],"curies":[{"name":"wp","href":"https:\/\/api.w.org\/{rel}","templated":true}]}}