{"id":3629,"date":"2022-03-31T03:17:25","date_gmt":"2022-03-31T03:17:25","guid":{"rendered":"https:\/\/tavapy.gov.py\/biblioteca\/?post_type=product&#038;p=3629"},"modified":"2022-04-06T03:48:37","modified_gmt":"2022-04-06T03:48:37","slug":"el-traje-nuevo-del-emperador","status":"publish","type":"product","link":"https:\/\/tavapy.gov.py\/biblioteca\/product\/el-traje-nuevo-del-emperador\/","title":{"rendered":"EL TRAJE NUEVO DEL EMPERADOR."},"content":{"rendered":"","protected":false},"excerpt":{"rendered":"<p>Cuento infantil muy popular escrito por Hans Christian Andersen en 1.837.<\/p>\n<p>Hab\u00eda una vez un emperador que se gastaba todo su dinero en trajes. Un buen d\u00eda se presentaron ante \u00e9l dos estafadores haci\u00e9ndose pasar por sastres.<\/p>\n<p>Comentaban que no s\u00f3lo sab\u00edan hacer los trajes m\u00e1s hermosos, sino que, adem\u00e1s, sus confecciones pose\u00edan una extraordinaria cualidad: se hac\u00edan invisibles ante cualquier persona que no fuera cualificada para su posici\u00f3n&#8230;<\/p>\n<p><a href=\"https:\/\/tavapy.gov.py\/biblioteca\/wp-content\/uploads\/2022\/03\/AndersenH-El-Traje-Nuevo-del-Emperador.pdf\" target=\"_blank\" rel=\"attachment noopener wp-att-3564\"><img loading=\"lazy\" decoding=\"async\" class=\"size-full wp-image-3564 alignleft\" src=\"https:\/\/tavapy.gov.py\/biblioteca\/wp-content\/uploads\/2022\/03\/icono-PDF-copia-5.png\" alt=\"\" width=\"121\" height=\"140\" \/><\/a><\/p>\n","protected":false},"featured_media":3621,"comment_status":"open","ping_status":"closed","template":"","meta":{"spay_email":""},"product_cat":[200],"product_tag":[],"class_list":{"0":"post-3629","1":"product","2":"type-product","3":"status-publish","4":"has-post-thumbnail","6":"book_author-hans-christian-andersen","7":"product_cat-cuento-infantil","8":"entry"},"_links":{"self":[{"href":"https:\/\/tavapy.gov.py\/biblioteca\/wp-json\/wp\/v2\/product\/3629","targetHints":{"allow":["GET"]}}],"collection":[{"href":"https:\/\/tavapy.gov.py\/biblioteca\/wp-json\/wp\/v2\/product"}],"about":[{"href":"https:\/\/tavapy.gov.py\/biblioteca\/wp-json\/wp\/v2\/types\/product"}],"replies":[{"embeddable":true,"href":"https:\/\/tavapy.gov.py\/biblioteca\/wp-json\/wp\/v2\/comments?post=3629"}],"wp:featuredmedia":[{"embeddable":true,"href":"https:\/\/tavapy.gov.py\/biblioteca\/wp-json\/wp\/v2\/media\/3621"}],"wp:attachment":[{"href":"https:\/\/tavapy.gov.py\/biblioteca\/wp-json\/wp\/v2\/media?parent=3629"}],"wp:term":[{"taxonomy":"product_cat","embeddable":true,"href":"https:\/\/tavapy.gov.py\/biblioteca\/wp-json\/wp\/v2\/product_cat?post=3629"},{"taxonomy":"product_tag","embeddable":true,"href":"https:\/\/tavapy.gov.py\/biblioteca\/wp-json\/wp\/v2\/product_tag?post=3629"}],"curies":[{"name":"wp","href":"https:\/\/api.w.org\/{rel}","templated":true}]}}