{"id":3631,"date":"2022-03-31T03:22:39","date_gmt":"2022-03-31T03:22:39","guid":{"rendered":"https:\/\/tavapy.gov.py\/biblioteca\/?post_type=product&#038;p=3631"},"modified":"2022-04-01T03:22:54","modified_gmt":"2022-04-01T03:22:54","slug":"pulgarcito","status":"publish","type":"product","link":"https:\/\/tavapy.gov.py\/biblioteca\/product\/pulgarcito\/","title":{"rendered":"PULGARCITO."},"content":{"rendered":"","protected":false},"excerpt":{"rendered":"<p>Hab\u00eda una vez un le\u00f1ador que ten\u00eda siete hijos varones. El m\u00e1s peque\u00f1o y despabilado era tan alto como un pulgar y se llamaba Pulgarcito. La pobreza asol\u00f3 a la familia y, al no tener nada que comer, el le\u00f1ador decidi\u00f3 abandonar a sus hijos. Una ma\u00f1ana los llevo al bosque y all\u00ed los dej\u00f3.<\/p>\n<p>Pulgarcito, obra publicada en 1.697 es, sin lugar a dudas, uno de los relatos infantiles m\u00e1s conocidos del mundo, obra de Charles Perrault, quiz\u00e1 el creador de cuentos para ni\u00f1os m\u00e1s prol\u00edfico y exitoso de la historia.<\/p>\n<p>A d\u00eda de hoy, muchas de sus narraciones siguen siendo cl\u00e1sicos indispensables en miles de hogares de diferentes pa\u00edses y culturas.<\/p>\n<p><a href=\"https:\/\/tavapy.gov.py\/biblioteca\/wp-content\/uploads\/2022\/03\/PerraultC-Pulgarcito.pdf\" target=\"_blank\" rel=\"attachment noopener wp-att-3564\"><img loading=\"lazy\" decoding=\"async\" class=\"size-full wp-image-3564 alignleft\" src=\"https:\/\/tavapy.gov.py\/biblioteca\/wp-content\/uploads\/2022\/03\/icono-PDF-copia-5.png\" alt=\"\" width=\"121\" height=\"140\" \/><\/a><\/p>\n","protected":false},"featured_media":3633,"comment_status":"open","ping_status":"closed","template":"","meta":{"spay_email":""},"product_cat":[200],"product_tag":[],"class_list":{"0":"post-3631","1":"product","2":"type-product","3":"status-publish","4":"has-post-thumbnail","6":"book_author-charles-perrault","7":"product_cat-cuento-infantil","8":"entry"},"_links":{"self":[{"href":"https:\/\/tavapy.gov.py\/biblioteca\/wp-json\/wp\/v2\/product\/3631","targetHints":{"allow":["GET"]}}],"collection":[{"href":"https:\/\/tavapy.gov.py\/biblioteca\/wp-json\/wp\/v2\/product"}],"about":[{"href":"https:\/\/tavapy.gov.py\/biblioteca\/wp-json\/wp\/v2\/types\/product"}],"replies":[{"embeddable":true,"href":"https:\/\/tavapy.gov.py\/biblioteca\/wp-json\/wp\/v2\/comments?post=3631"}],"wp:featuredmedia":[{"embeddable":true,"href":"https:\/\/tavapy.gov.py\/biblioteca\/wp-json\/wp\/v2\/media\/3633"}],"wp:attachment":[{"href":"https:\/\/tavapy.gov.py\/biblioteca\/wp-json\/wp\/v2\/media?parent=3631"}],"wp:term":[{"taxonomy":"product_cat","embeddable":true,"href":"https:\/\/tavapy.gov.py\/biblioteca\/wp-json\/wp\/v2\/product_cat?post=3631"},{"taxonomy":"product_tag","embeddable":true,"href":"https:\/\/tavapy.gov.py\/biblioteca\/wp-json\/wp\/v2\/product_tag?post=3631"}],"curies":[{"name":"wp","href":"https:\/\/api.w.org\/{rel}","templated":true}]}}