{"id":3635,"date":"2022-03-31T03:33:15","date_gmt":"2022-03-31T03:33:15","guid":{"rendered":"https:\/\/tavapy.gov.py\/biblioteca\/?post_type=product&#038;p=3635"},"modified":"2022-04-01T03:18:34","modified_gmt":"2022-04-01T03:18:34","slug":"el-gato-con-botas","status":"publish","type":"product","link":"https:\/\/tavapy.gov.py\/biblioteca\/product\/el-gato-con-botas\/","title":{"rendered":"EL GATO CON BOTAS."},"content":{"rendered":"","protected":false},"excerpt":{"rendered":"<p>Este cuento infantil nos demuestra lo lejos que podemos llegar utilizando nuestro ingenio, un ejemplo de constancia, paciencia y generosidad. un sencillo molinero no dej\u00f3 a su benjam\u00edn m\u00e1s que el gato del granero.<\/p>\n<p>Decepcionado, el hijo consider\u00f3 com\u00e9rselo para no morir de hambre, pero el gato result\u00f3 estar lleno de recursos, y le dijo: \u00abNo deben afligirse, mi se\u00f1or, no tienen m\u00e1s que proporcionarme una bolsa y un par de botas para andar por entre los matorrales, y ver\u00e1n que su herencia no es tan pobre como piensan\u00bb.<\/p>\n<p>El hijo del molinero no pens\u00f3 mucho en ello y decidi\u00f3 seguirle la corriente. El gato, galantemente calzado, con la bolsa atada al cuello, se encamin\u00f3 inmediatamente a una conejera cercana y caz\u00f3 un conejo. As\u00ed puso su gran plan en marcha, yendo al palacio y presentando su caza al rey.<\/p>\n<p>El gato con botas es un cuento de tradici\u00f3n oral que fue recogido por Charles Perrault y publicado en 1.697.<\/p>\n<p><a href=\"https:\/\/tavapy.gov.py\/biblioteca\/wp-content\/uploads\/2022\/03\/PerraultC-El-Gato-con-Botas.pdf\" target=\"_blank\" rel=\"attachment noopener wp-att-3564\"><img loading=\"lazy\" decoding=\"async\" class=\"size-full wp-image-3564 alignleft\" src=\"https:\/\/tavapy.gov.py\/biblioteca\/wp-content\/uploads\/2022\/03\/icono-PDF-copia-5.png\" alt=\"\" width=\"121\" height=\"140\" \/><\/a><\/p>\n","protected":false},"featured_media":3637,"comment_status":"open","ping_status":"closed","template":"","meta":{"spay_email":""},"product_cat":[200],"product_tag":[],"class_list":{"0":"post-3635","1":"product","2":"type-product","3":"status-publish","4":"has-post-thumbnail","6":"book_author-charles-perrault","7":"product_cat-cuento-infantil","8":"entry"},"_links":{"self":[{"href":"https:\/\/tavapy.gov.py\/biblioteca\/wp-json\/wp\/v2\/product\/3635","targetHints":{"allow":["GET"]}}],"collection":[{"href":"https:\/\/tavapy.gov.py\/biblioteca\/wp-json\/wp\/v2\/product"}],"about":[{"href":"https:\/\/tavapy.gov.py\/biblioteca\/wp-json\/wp\/v2\/types\/product"}],"replies":[{"embeddable":true,"href":"https:\/\/tavapy.gov.py\/biblioteca\/wp-json\/wp\/v2\/comments?post=3635"}],"wp:featuredmedia":[{"embeddable":true,"href":"https:\/\/tavapy.gov.py\/biblioteca\/wp-json\/wp\/v2\/media\/3637"}],"wp:attachment":[{"href":"https:\/\/tavapy.gov.py\/biblioteca\/wp-json\/wp\/v2\/media?parent=3635"}],"wp:term":[{"taxonomy":"product_cat","embeddable":true,"href":"https:\/\/tavapy.gov.py\/biblioteca\/wp-json\/wp\/v2\/product_cat?post=3635"},{"taxonomy":"product_tag","embeddable":true,"href":"https:\/\/tavapy.gov.py\/biblioteca\/wp-json\/wp\/v2\/product_tag?post=3635"}],"curies":[{"name":"wp","href":"https:\/\/api.w.org\/{rel}","templated":true}]}}