{"id":3638,"date":"2022-03-31T03:38:35","date_gmt":"2022-03-31T03:38:35","guid":{"rendered":"https:\/\/tavapy.gov.py\/biblioteca\/?post_type=product&#038;p=3638"},"modified":"2022-04-01T03:16:05","modified_gmt":"2022-04-01T03:16:05","slug":"la-cenicienta","status":"publish","type":"product","link":"https:\/\/tavapy.gov.py\/biblioteca\/product\/la-cenicienta\/","title":{"rendered":"LA CENICIENTA."},"content":{"rendered":"","protected":false},"excerpt":{"rendered":"<p>\u00abHab\u00eda una vez&#8230; una joven bella y bondadosa, dos hermanastras que le ten\u00edan mucha envidia, un hada madrina y un pr\u00edncipe enamorado&#8230;\u00bb<\/p>\n<p>La Cenicienta es un cuento popular muy antiguo que se encuentra en muchas y distintas culturas, tanto es as\u00ed que existen evidencias de remotas versiones egipcias y japonesas (de all\u00ed el pie peque\u00f1o como s\u00edmbolo de belleza).<\/p>\n<p>Conoci\u00f3 una gran popularidad de la mano de Charles Perrault, quien la rescat\u00f3 de la tradici\u00f3n oral y escribi\u00f3 una versi\u00f3n para su libro: Historias o cuentos del pasado (1697).<\/p>\n<p><a href=\"https:\/\/tavapy.gov.py\/biblioteca\/wp-content\/uploads\/2022\/03\/PerraultC-La-Cenicienta.pdf\" target=\"_blank\" rel=\"attachment noopener wp-att-3564\"><img loading=\"lazy\" decoding=\"async\" class=\"size-full wp-image-3564 alignleft\" src=\"https:\/\/tavapy.gov.py\/biblioteca\/wp-content\/uploads\/2022\/03\/icono-PDF-copia-5.png\" alt=\"\" width=\"121\" height=\"140\" \/><\/a><\/p>\n","protected":false},"featured_media":3612,"comment_status":"open","ping_status":"closed","template":"","meta":{"spay_email":""},"product_cat":[200],"product_tag":[],"class_list":{"0":"post-3638","1":"product","2":"type-product","3":"status-publish","4":"has-post-thumbnail","6":"book_author-charles-perrault","7":"product_cat-cuento-infantil","8":"entry"},"_links":{"self":[{"href":"https:\/\/tavapy.gov.py\/biblioteca\/wp-json\/wp\/v2\/product\/3638","targetHints":{"allow":["GET"]}}],"collection":[{"href":"https:\/\/tavapy.gov.py\/biblioteca\/wp-json\/wp\/v2\/product"}],"about":[{"href":"https:\/\/tavapy.gov.py\/biblioteca\/wp-json\/wp\/v2\/types\/product"}],"replies":[{"embeddable":true,"href":"https:\/\/tavapy.gov.py\/biblioteca\/wp-json\/wp\/v2\/comments?post=3638"}],"wp:featuredmedia":[{"embeddable":true,"href":"https:\/\/tavapy.gov.py\/biblioteca\/wp-json\/wp\/v2\/media\/3612"}],"wp:attachment":[{"href":"https:\/\/tavapy.gov.py\/biblioteca\/wp-json\/wp\/v2\/media?parent=3638"}],"wp:term":[{"taxonomy":"product_cat","embeddable":true,"href":"https:\/\/tavapy.gov.py\/biblioteca\/wp-json\/wp\/v2\/product_cat?post=3638"},{"taxonomy":"product_tag","embeddable":true,"href":"https:\/\/tavapy.gov.py\/biblioteca\/wp-json\/wp\/v2\/product_tag?post=3638"}],"curies":[{"name":"wp","href":"https:\/\/api.w.org\/{rel}","templated":true}]}}